{"id":4191,"date":"2021-05-04T14:27:55","date_gmt":"2021-05-04T11:27:55","guid":{"rendered":"https:\/\/www.tekaykimya.com.tr\/home\/?page_id=4191"},"modified":"2021-05-04T14:27:55","modified_gmt":"2021-05-04T11:27:55","slug":"news","status":"publish","type":"page","link":"https:\/\/tex-tek.com\/?page_id=4191","title":{"rendered":"NEWS"},"content":{"rendered":"<div id='av_section_1'  class='avia-section main_color avia-section-small avia-no-border-styling  avia-bg-style-scroll  avia-builder-el-0  avia-builder-el-no-sibling   container_wrap sidebar_right' style=' '  ><div class='container' ><main  role=\"main\" itemprop=\"mainContentOfPage\"  class='template-page content  av-content-small alpha units'><div class='post-entry post-entry-type-page post-entry-4191'><div class='entry-content-wrapper clearfix'>\n<div class=\"flex_column av_one_full  flex_column_div av-zero-column-padding first  avia-builder-el-1  avia-builder-el-no-sibling  \" style='border-radius:0px; '><div   data-autoplay=''  data-interval='5'  data-animation='fade'  data-show_slide_delay='90'  class='avia-content-slider avia-content-grid-active avia-content-slider1 avia-content-slider-even  avia-builder-el-2  avia-builder-el-no-sibling  '  itemscope=\"itemscope\" itemtype=\"https:\/\/schema.org\/Blog\" ><div class='avia-content-slider-inner'><div class='slide-entry-wrap'><article class='slide-entry flex_column  post-entry post-entry-4738 slide-entry-overview slide-loop-1 slide-parity-odd  av_one_fourth first real-thumbnail post-format-standard'  itemscope=\"itemscope\" itemtype=\"https:\/\/schema.org\/CreativeWork\" ><a href='https:\/\/tex-tek.com\/?p=4738' data-rel='slide-1' class='slide-image' title='\u201cThe key to transformation: Local resources and collective vision\u201d'><img decoding=\"async\" width=\"260\" height=\"185\" src=\"https:\/\/tex-tek.com\/wp-content\/uploads\/2025\/08\/omerunsal-260x185.jpg\" class=\"wp-image-4736 avia-img-lazy-loading-not-4736 attachment-portfolio_small size-portfolio_small wp-post-image\" alt=\"\" \/><\/a><div class='slide-content'><header class=\"entry-content-header\"><h3 class='slide-entry-title entry-title '  itemprop=\"headline\" ><a href='https:\/\/tex-tek.com\/?p=4738' title='\u201cThe key to transformation: Local resources and collective vision\u201d'>\u201cThe key to transformation: Local resources and collective vision\u201d<\/a><\/h3><span class=\"av-vertical-delimiter\"><\/span><\/header><\/div><footer class=\"entry-footer\"><\/footer><span class='hidden'>\n\t\t\t\t<span class='av-structured-data'  itemprop=\"image\" itemscope=\"itemscope\" itemtype=\"https:\/\/schema.org\/ImageObject\" >\n\t\t\t\t\t\t<span itemprop='url'>https:\/\/tex-tek.com\/wp-content\/uploads\/2025\/08\/omerunsal.jpg<\/span>\n\t\t\t\t\t\t<span itemprop='height'>375<\/span>\n\t\t\t\t\t\t<span itemprop='width'>555<\/span>\n\t\t\t\t<\/span>\n\t\t\t\t<span class='av-structured-data'  itemprop=\"publisher\" itemtype=\"https:\/\/schema.org\/Organization\" itemscope=\"itemscope\" >\n\t\t\t\t\t\t<span itemprop='name'>tekay<\/span>\n\t\t\t\t\t\t<span itemprop='logo' itemscope itemtype='https:\/\/schema.org\/ImageObject'>\n\t\t\t\t\t\t\t<span itemprop='url'>https:\/\/tex-tek.com\/wp-content\/uploads\/2021\/08\/textek_logo_tr.png<\/span>\n\t\t\t\t\t\t <\/span>\n\t\t\t\t<\/span><span class='av-structured-data'  itemprop=\"author\" itemscope=\"itemscope\" itemtype=\"https:\/\/schema.org\/Person\" ><span itemprop='name'>tekay<\/span><\/span><span class='av-structured-data'  itemprop=\"datePublished\" datetime=\"2021-05-04T14:27:55+03:00\" >2025-08-04 13:28:11<\/span><span class='av-structured-data'  itemprop=\"dateModified\" itemtype=\"https:\/\/schema.org\/dateModified\" >2025-08-04 13:29:36<\/span><span class='av-structured-data'  itemprop=\"mainEntityOfPage\" itemtype=\"https:\/\/schema.org\/mainEntityOfPage\" ><span itemprop='name'>\u201cThe key to transformation: Local resources and collective vision\u201d<\/span><\/span><\/span><\/article><article class='slide-entry flex_column  post-entry post-entry-4197 slide-entry-overview slide-loop-2 slide-parity-even  av_one_fourth  real-thumbnail post-format-standard'  itemscope=\"itemscope\" itemtype=\"https:\/\/schema.org\/CreativeWork\" ><a href='https:\/\/tex-tek.com\/?p=4197' data-rel='slide-1' class='slide-image' title='Our New Building In Bursa Free Zone Entered Into Service'><img decoding=\"async\" width=\"260\" height=\"185\" src=\"https:\/\/tex-tek.com\/wp-content\/uploads\/2021\/05\/tekay-bina-260x185.jpg\" class=\"wp-image-4196 avia-img-lazy-loading-not-4196 attachment-portfolio_small size-portfolio_small wp-post-image\" alt=\"\" \/><\/a><div class='slide-content'><header class=\"entry-content-header\"><h3 class='slide-entry-title entry-title '  itemprop=\"headline\" ><a href='https:\/\/tex-tek.com\/?p=4197' title='Our New Building In Bursa Free Zone Entered Into Service'>Our New Building In Bursa Free Zone Entered Into Service<\/a><\/h3><span class=\"av-vertical-delimiter\"><\/span><\/header><\/div><footer class=\"entry-footer\"><\/footer><span class='hidden'>\n\t\t\t\t<span class='av-structured-data'  itemprop=\"image\" itemscope=\"itemscope\" itemtype=\"https:\/\/schema.org\/ImageObject\" >\n\t\t\t\t\t\t<span itemprop='url'>https:\/\/tex-tek.com\/wp-content\/uploads\/2021\/05\/tekay-bina.jpg<\/span>\n\t\t\t\t\t\t<span itemprop='height'>390<\/span>\n\t\t\t\t\t\t<span itemprop='width'>610<\/span>\n\t\t\t\t<\/span>\n\t\t\t\t<span class='av-structured-data'  itemprop=\"publisher\" itemtype=\"https:\/\/schema.org\/Organization\" itemscope=\"itemscope\" >\n\t\t\t\t\t\t<span itemprop='name'>tekay<\/span>\n\t\t\t\t\t\t<span itemprop='logo' itemscope itemtype='https:\/\/schema.org\/ImageObject'>\n\t\t\t\t\t\t\t<span itemprop='url'>https:\/\/tex-tek.com\/wp-content\/uploads\/2021\/08\/textek_logo_tr.png<\/span>\n\t\t\t\t\t\t <\/span>\n\t\t\t\t<\/span><span class='av-structured-data'  itemprop=\"author\" itemscope=\"itemscope\" itemtype=\"https:\/\/schema.org\/Person\" ><span itemprop='name'>tekay<\/span><\/span><span class='av-structured-data'  itemprop=\"datePublished\" datetime=\"2021-05-04T14:27:55+03:00\" >2021-05-04 15:13:30<\/span><span class='av-structured-data'  itemprop=\"dateModified\" itemtype=\"https:\/\/schema.org\/dateModified\" >2025-08-04 13:29:37<\/span><span class='av-structured-data'  itemprop=\"mainEntityOfPage\" itemtype=\"https:\/\/schema.org\/mainEntityOfPage\" ><span itemprop='name'>Our New Building In Bursa Free Zone Entered Into Service<\/span><\/span><\/span><\/article><article class='slide-entry flex_column  post-entry post-entry-4124 slide-entry-overview slide-loop-3 slide-parity-odd  av_one_fourth  real-thumbnail post-format-standard'  itemscope=\"itemscope\" itemtype=\"https:\/\/schema.org\/CreativeWork\" ><a href='https:\/\/tex-tek.com\/?p=4124' data-rel='slide-1' class='slide-image' title='Br\u00fcggemann Celebrated Its 150Th Anniversary Of The Founding'><img decoding=\"async\" width=\"260\" height=\"185\" src=\"https:\/\/tex-tek.com\/wp-content\/uploads\/2021\/02\/Brueggemann-260x185.jpg\" class=\"wp-image-3462 avia-img-lazy-loading-not-3462 attachment-portfolio_small size-portfolio_small wp-post-image\" alt=\"\" \/><\/a><div class='slide-content'><header class=\"entry-content-header\"><h3 class='slide-entry-title entry-title '  itemprop=\"headline\" ><a href='https:\/\/tex-tek.com\/?p=4124' title='Br\u00fcggemann Celebrated Its 150Th Anniversary Of The Founding'>Br\u00fcggemann Celebrated Its 150Th Anniversary Of The Founding<\/a><\/h3><span class=\"av-vertical-delimiter\"><\/span><\/header><\/div><footer class=\"entry-footer\"><\/footer><span class='hidden'>\n\t\t\t\t<span class='av-structured-data'  itemprop=\"image\" itemscope=\"itemscope\" itemtype=\"https:\/\/schema.org\/ImageObject\" >\n\t\t\t\t\t\t<span itemprop='url'>https:\/\/tex-tek.com\/wp-content\/uploads\/2021\/02\/Brueggemann.jpg<\/span>\n\t\t\t\t\t\t<span itemprop='height'>639<\/span>\n\t\t\t\t\t\t<span itemprop='width'>1000<\/span>\n\t\t\t\t<\/span>\n\t\t\t\t<span class='av-structured-data'  itemprop=\"publisher\" itemtype=\"https:\/\/schema.org\/Organization\" itemscope=\"itemscope\" >\n\t\t\t\t\t\t<span itemprop='name'>tekay<\/span>\n\t\t\t\t\t\t<span itemprop='logo' itemscope itemtype='https:\/\/schema.org\/ImageObject'>\n\t\t\t\t\t\t\t<span itemprop='url'>https:\/\/tex-tek.com\/wp-content\/uploads\/2021\/08\/textek_logo_tr.png<\/span>\n\t\t\t\t\t\t <\/span>\n\t\t\t\t<\/span><span class='av-structured-data'  itemprop=\"author\" itemscope=\"itemscope\" itemtype=\"https:\/\/schema.org\/Person\" ><span itemprop='name'>tekay<\/span><\/span><span class='av-structured-data'  itemprop=\"datePublished\" datetime=\"2021-05-04T14:27:55+03:00\" >2021-05-02 23:07:24<\/span><span class='av-structured-data'  itemprop=\"dateModified\" itemtype=\"https:\/\/schema.org\/dateModified\" >2025-08-04 13:29:37<\/span><span class='av-structured-data'  itemprop=\"mainEntityOfPage\" itemtype=\"https:\/\/schema.org\/mainEntityOfPage\" ><span itemprop='name'>Br\u00fcggemann Celebrated Its 150Th Anniversary Of The Founding<\/span><\/span><\/span><\/article><article class='slide-entry flex_column  post-entry post-entry-4120 slide-entry-overview slide-loop-4 slide-parity-even  post-entry-last  av_one_fourth  real-thumbnail post-format-standard'  itemscope=\"itemscope\" itemtype=\"https:\/\/schema.org\/CreativeWork\" ><a href='https:\/\/tex-tek.com\/?p=4120' data-rel='slide-1' class='slide-image' title='Meeting With Bursa Industr\u0131alists At Iftar Organizat\u0131ons'><img decoding=\"async\" width=\"260\" height=\"185\" src=\"https:\/\/tex-tek.com\/wp-content\/uploads\/2021\/02\/bursa-260x185.jpg\" class=\"wp-image-3466 avia-img-lazy-loading-not-3466 attachment-portfolio_small size-portfolio_small wp-post-image\" alt=\"\" \/><\/a><div class='slide-content'><header class=\"entry-content-header\"><h3 class='slide-entry-title entry-title '  itemprop=\"headline\" ><a href='https:\/\/tex-tek.com\/?p=4120' title='Meeting With Bursa Industr\u0131alists At Iftar Organizat\u0131ons'>Meeting With Bursa Industr\u0131alists At Iftar Organizat\u0131ons<\/a><\/h3><span class=\"av-vertical-delimiter\"><\/span><\/header><\/div><footer class=\"entry-footer\"><\/footer><span class='hidden'>\n\t\t\t\t<span class='av-structured-data'  itemprop=\"image\" itemscope=\"itemscope\" itemtype=\"https:\/\/schema.org\/ImageObject\" >\n\t\t\t\t\t\t<span itemprop='url'>https:\/\/tex-tek.com\/wp-content\/uploads\/2021\/02\/bursa.jpg<\/span>\n\t\t\t\t\t\t<span itemprop='height'>639<\/span>\n\t\t\t\t\t\t<span itemprop='width'>1000<\/span>\n\t\t\t\t<\/span>\n\t\t\t\t<span class='av-structured-data'  itemprop=\"publisher\" itemtype=\"https:\/\/schema.org\/Organization\" itemscope=\"itemscope\" >\n\t\t\t\t\t\t<span itemprop='name'>tekay<\/span>\n\t\t\t\t\t\t<span itemprop='logo' itemscope itemtype='https:\/\/schema.org\/ImageObject'>\n\t\t\t\t\t\t\t<span itemprop='url'>https:\/\/tex-tek.com\/wp-content\/uploads\/2021\/08\/textek_logo_tr.png<\/span>\n\t\t\t\t\t\t <\/span>\n\t\t\t\t<\/span><span class='av-structured-data'  itemprop=\"author\" itemscope=\"itemscope\" itemtype=\"https:\/\/schema.org\/Person\" ><span itemprop='name'>tekay<\/span><\/span><span class='av-structured-data'  itemprop=\"datePublished\" datetime=\"2021-05-04T14:27:55+03:00\" >2021-05-02 23:03:53<\/span><span class='av-structured-data'  itemprop=\"dateModified\" itemtype=\"https:\/\/schema.org\/dateModified\" >2025-08-04 13:29:37<\/span><span class='av-structured-data'  itemprop=\"mainEntityOfPage\" itemtype=\"https:\/\/schema.org\/mainEntityOfPage\" ><span itemprop='name'>Meeting With Bursa Industr\u0131alists At Iftar Organizat\u0131ons<\/span><\/span><\/span><\/article><\/div><\/div><\/div><\/div><\/div><\/div><\/main><!-- close content main element --><\/div><\/div><div id='after_section_1'  class='main_color av_default_container_wrap container_wrap sidebar_right' style=' '  ><div class='container' ><div class='template-page content  av-content-small alpha units'><div class='post-entry post-entry-type-page post-entry-4191'><div class='entry-content-wrapper clearfix'>\n","protected":false},"excerpt":{"rendered":"","protected":false},"author":1,"featured_media":0,"parent":0,"menu_order":0,"comment_status":"closed","ping_status":"closed","template":"","meta":{"footnotes":""},"class_list":["post-4191","page","type-page","status-publish","hentry"],"_links":{"self":[{"href":"https:\/\/tex-tek.com\/index.php?rest_route=\/wp\/v2\/pages\/4191","targetHints":{"allow":["GET"]}}],"collection":[{"href":"https:\/\/tex-tek.com\/index.php?rest_route=\/wp\/v2\/pages"}],"about":[{"href":"https:\/\/tex-tek.com\/index.php?rest_route=\/wp\/v2\/types\/page"}],"author":[{"embeddable":true,"href":"https:\/\/tex-tek.com\/index.php?rest_route=\/wp\/v2\/users\/1"}],"replies":[{"embeddable":true,"href":"https:\/\/tex-tek.com\/index.php?rest_route=%2Fwp%2Fv2%2Fcomments&post=4191"}],"version-history":[{"count":1,"href":"https:\/\/tex-tek.com\/index.php?rest_route=\/wp\/v2\/pages\/4191\/revisions"}],"predecessor-version":[{"id":4192,"href":"https:\/\/tex-tek.com\/index.php?rest_route=\/wp\/v2\/pages\/4191\/revisions\/4192"}],"wp:attachment":[{"href":"https:\/\/tex-tek.com\/index.php?rest_route=%2Fwp%2Fv2%2Fmedia&parent=4191"}],"curies":[{"name":"wp","href":"https:\/\/api.w.org\/{rel}","templated":true}]}}