{"id":3817,"date":"2021-03-19T16:52:35","date_gmt":"2021-03-19T13:52:35","guid":{"rendered":"https:\/\/www.tekaykimya.com.tr\/home\/?page_id=3817"},"modified":"2022-03-21T13:04:44","modified_gmt":"2022-03-21T10:04:44","slug":"mumessillikler","status":"publish","type":"page","link":"https:\/\/tex-tek.com\/?page_id=3817","title":{"rendered":"M\u00dcMESS\u0130LL\u0130KLER"},"content":{"rendered":"<div id='av_section_1'  class='avia-section main_color avia-section-default avia-no-border-styling  avia-bg-style-scroll  avia-builder-el-0  el_before_av_button_big  avia-builder-el-first   container_wrap sidebar_right' style=' '  ><div class='container' ><main  role=\"main\" itemprop=\"mainContentOfPage\"  class='template-page content  av-content-small alpha units'><div class='post-entry post-entry-type-page post-entry-3817'><div class='entry-content-wrapper clearfix'>\n<div class=\"flex_column av_one_full  flex_column_div av-zero-column-padding first  avia-builder-el-1  avia-builder-el-no-sibling  \" style='border-radius:0px; '><div   data-autoplay='false'  data-interval='5'  data-animation='slide'  class='avia-logo-element-container  avia-logo-slider avia-content-slider avia-smallarrow-slider avia-content-slider-active noHover avia-content-slider1 avia-content-slider-odd  avia-builder-el-2  avia-builder-el-no-sibling  ' ><div class='avia-smallarrow-slider-heading  no-logo-slider-heading '><div class='new-special-heading'>&nbsp;<\/div><\/div><div class='avia-content-slider-inner'><div class='slide-entry-wrap' ><div data-avia-tooltip=\"ALMANYA\" class='slide-entry flex_column no_margin post-entry slide-entry-overview slide-loop-1 slide-parity-odd  post-entry-last  av_one_third first real-thumbnail'><span class='av-partner-fake-img' style='padding-bottom:54.982817869416%; background-image:url(https:\/\/tex-tek.com\/wp-content\/uploads\/2022\/03\/zimmer.jpg);'><\/span><\/div><\/div><\/div><\/div><\/div><div  class='avia-button-wrap avia-button-center  avia-builder-el-3  el_after_av_section  avia-builder-el-last ' ><a href='https:\/\/tex-tek.com\/?page_id=656' class='avia-button avia-button-fullwidth  avia-font-color-black avia-icon_select-yes-left-icon avia-color-dark '   ><div class='av-button-description av-button-description-above'><p><b>\u0130LET\u0130\u015e\u0130M FORMU (\u00dcR\u00dcN HAKKINDA)<\/b><br \/>\n\u00dcr\u00fcnlerimiz ile ilgili bildirimlerinizi (g\u00f6r\u00fc\u015f, soru, \u015fikayet) ve taleplerinizi (sipari\u015f, datasheet, numune) a\u015fa\u011f\u0131daki ileti\u015fim formumuz vas\u0131tas\u0131yla bize ula\u015ft\u0131rabilirsiniz..<\/p>\n<\/div><span class='avia_button_icon avia_button_icon_left' aria-hidden='true' data-av_icon='\ue805' data-av_iconfont='entypo-fontello'><\/span><span class='avia_iconbox_title' >FORM \u0130\u00c7\u0130N L\u00dcTFEN TIKLAYINIZ<\/span><span class='avia_button_background avia-button avia-button-fullwidth avia-color-custom' style='background-color:#d8d8d8;'><\/span><\/a><\/div><\/p>\n","protected":false},"excerpt":{"rendered":"","protected":false},"author":1,"featured_media":0,"parent":0,"menu_order":0,"comment_status":"closed","ping_status":"closed","template":"","meta":{"footnotes":""},"class_list":["post-3817","page","type-page","status-publish","hentry"],"_links":{"self":[{"href":"https:\/\/tex-tek.com\/index.php?rest_route=\/wp\/v2\/pages\/3817","targetHints":{"allow":["GET"]}}],"collection":[{"href":"https:\/\/tex-tek.com\/index.php?rest_route=\/wp\/v2\/pages"}],"about":[{"href":"https:\/\/tex-tek.com\/index.php?rest_route=\/wp\/v2\/types\/page"}],"author":[{"embeddable":true,"href":"https:\/\/tex-tek.com\/index.php?rest_route=\/wp\/v2\/users\/1"}],"replies":[{"embeddable":true,"href":"https:\/\/tex-tek.com\/index.php?rest_route=%2Fwp%2Fv2%2Fcomments&post=3817"}],"version-history":[{"count":9,"href":"https:\/\/tex-tek.com\/index.php?rest_route=\/wp\/v2\/pages\/3817\/revisions"}],"predecessor-version":[{"id":4527,"href":"https:\/\/tex-tek.com\/index.php?rest_route=\/wp\/v2\/pages\/3817\/revisions\/4527"}],"wp:attachment":[{"href":"https:\/\/tex-tek.com\/index.php?rest_route=%2Fwp%2Fv2%2Fmedia&parent=3817"}],"curies":[{"name":"wp","href":"https:\/\/api.w.org\/{rel}","templated":true}]}}