{"id":3800,"date":"2021-03-19T13:03:30","date_gmt":"2021-03-19T10:03:30","guid":{"rendered":"https:\/\/www.tekaykimya.com.tr\/home\/?page_id=3800"},"modified":"2021-03-26T19:59:01","modified_gmt":"2021-03-26T16:59:01","slug":"sertifikalar","status":"publish","type":"page","link":"https:\/\/tex-tek.com\/?page_id=3800","title":{"rendered":"SERT\u0130F\u0130KALAR"},"content":{"rendered":"<div id='av_section_1'  class='avia-section main_color avia-section-default avia-no-border-styling  avia-bg-style-scroll  avia-builder-el-0  avia-builder-el-no-sibling   container_wrap sidebar_right' style=' '  ><div class='container' ><main  role=\"main\" itemprop=\"mainContentOfPage\"  class='template-page content  av-content-small alpha units'><div class='post-entry post-entry-type-page post-entry-3800'><div class='entry-content-wrapper clearfix'>\n<div class=\"flex_column av_one_third  flex_column_div first  avia-builder-el-1  el_before_av_one_third  avia-builder-el-first  \" style='margin-top:0px; margin-bottom:0px; padding:90px 0px 0px 0px ; border-radius:0px; '><p><section class=\"av_textblock_section \"  itemscope=\"itemscope\" itemtype=\"https:\/\/schema.org\/CreativeWork\" ><div class='avia_textblock  '   itemprop=\"text\" ><p>Firmam\u0131z\u0131n sahip oldu\u011fu sertifiklara bu sayfadan ula\u015fabilirsiniz..<\/p>\n<\/div><\/section><br \/>\n<div  style='height:100px' class='hr hr-invisible   avia-builder-el-3  el_after_av_textblock  avia-builder-el-last '><span class='hr-inner ' ><span class='hr-inner-style'><\/span><\/span><\/div><\/p><\/div><div class=\"flex_column av_one_third  flex_column_div av-zero-column-padding   avia-builder-el-4  el_after_av_one_third  el_before_av_one_third  \" style='margin-top:0px; margin-bottom:0px; border-radius:0px; '><p><div  style='padding-bottom:10px; ' class='av-special-heading av-special-heading-h3    avia-builder-el-5  el_before_av_gallery  avia-builder-el-first  '><h3 class='av-special-heading-tag '  itemprop=\"headline\"  >ZDHC Level 3 Belgesi<\/h3><div class='special-heading-border'><div class='special-heading-inner-border' ><\/div><\/div><\/div><br \/>\n<div  class='avia-gallery  avia-gallery-1 deactivate_avia_lazyload avia-gallery-animate avia_animate_when_visible  avia-builder-el-6  el_after_av_heading  avia-builder-el-last  av-hide-gallery-thumbs'  itemprop=\"image\" itemscope=\"itemscope\" itemtype=\"https:\/\/schema.org\/ImageObject\" ><a class='avia-gallery-big fakeLightbox lightbox avia-gallery-big-no-crop-thumb ' href='https:\/\/tex-tek.com\/wp-content\/uploads\/2021\/03\/ZDHC.png'  data-onclick='1' title='ZDHC' ><span class='avia-gallery-big-inner'  itemprop=\"thumbnailUrl\" ><img decoding=\"async\" class=\"wp-image-3950 avia-img-lazy-loading-not-3950\"  width=\"578\" height=\"807\" src=\"https:\/\/tex-tek.com\/wp-content\/uploads\/2021\/03\/ZDHC.png\" title='ZDHC' alt='' srcset=\"https:\/\/tex-tek.com\/wp-content\/uploads\/2021\/03\/ZDHC.png 578w, https:\/\/tex-tek.com\/wp-content\/uploads\/2021\/03\/ZDHC-215x300.png 215w, https:\/\/tex-tek.com\/wp-content\/uploads\/2021\/03\/ZDHC-505x705.png 505w\" sizes=\"(max-width: 578px) 100vw, 578px\" \/><\/span><\/a><div class='avia-gallery-thumb'> <a href='https:\/\/tex-tek.com\/wp-content\/uploads\/2021\/03\/ZDHC.png' data-rel='gallery-1' data-prev-img='https:\/\/tex-tek.com\/wp-content\/uploads\/2021\/03\/ZDHC.png' class='first_thumb lightbox ' data-onclick='1' title='ZDHC'  itemprop=\"thumbnailUrl\"  ><img decoding=\"async\" class=\"wp-image-3950 avia-img-lazy-loading-not-3950\"   src=\"https:\/\/tex-tek.com\/wp-content\/uploads\/2021\/03\/ZDHC.png\" width=\"578\" height=\"807\"  title='ZDHC' alt='' srcset=\"https:\/\/tex-tek.com\/wp-content\/uploads\/2021\/03\/ZDHC.png 578w, https:\/\/tex-tek.com\/wp-content\/uploads\/2021\/03\/ZDHC-215x300.png 215w, https:\/\/tex-tek.com\/wp-content\/uploads\/2021\/03\/ZDHC-505x705.png 505w\" sizes=\"(max-width: 578px) 100vw, 578px\" \/><\/a><\/div><\/div><\/p><\/div><div class=\"flex_column av_one_third  flex_column_div av-zero-column-padding   avia-builder-el-7  el_after_av_one_third  avia-builder-el-last  \" style='margin-top:0px; margin-bottom:0px; border-radius:0px; '><p><div  style='padding-bottom:10px; ' class='av-special-heading av-special-heading-h3    avia-builder-el-8  el_before_av_gallery  avia-builder-el-first  '><h3 class='av-special-heading-tag '  itemprop=\"headline\"  >\u00dcretim Sat\u0131\u015f Sertifikas\u0131<\/h3><div class='special-heading-border'><div class='special-heading-inner-border' ><\/div><\/div><\/div><br \/>\n<div  class='avia-gallery  avia-gallery-2 deactivate_avia_lazyload avia-gallery-animate avia_animate_when_visible  avia-builder-el-9  el_after_av_heading  avia-builder-el-last  av-hide-gallery-thumbs'  itemprop=\"image\" itemscope=\"itemscope\" itemtype=\"https:\/\/schema.org\/ImageObject\" ><a class='avia-gallery-big fakeLightbox lightbox avia-gallery-big-crop-thumb ' href='https:\/\/tex-tek.com\/wp-content\/uploads\/2021\/03\/certificate.jpg'  data-onclick='1' title='certificate' ><span class='avia-gallery-big-inner'  itemprop=\"thumbnailUrl\" ><img decoding=\"async\" class=\"wp-image-3804 avia-img-lazy-loading-not-3804\"  width=\"578\" height=\"807\" src=\"https:\/\/tex-tek.com\/wp-content\/uploads\/2021\/03\/certificate.jpg\" title='certificate' alt='' srcset=\"https:\/\/tex-tek.com\/wp-content\/uploads\/2021\/03\/certificate.jpg 578w, https:\/\/tex-tek.com\/wp-content\/uploads\/2021\/03\/certificate-215x300.jpg 215w, https:\/\/tex-tek.com\/wp-content\/uploads\/2021\/03\/certificate-505x705.jpg 505w\" sizes=\"(max-width: 578px) 100vw, 578px\" \/><\/span><\/a><div class='avia-gallery-thumb'> <a href='https:\/\/tex-tek.com\/wp-content\/uploads\/2021\/03\/certificate.jpg' data-rel='gallery-2' data-prev-img='https:\/\/tex-tek.com\/wp-content\/uploads\/2021\/03\/certificate.jpg' class='first_thumb lightbox ' data-onclick='1' title='certificate'  itemprop=\"thumbnailUrl\"  ><img decoding=\"async\" class=\"wp-image-3804 avia-img-lazy-loading-not-3804\"   src=\"https:\/\/tex-tek.com\/wp-content\/uploads\/2021\/03\/certificate.jpg\" width=\"578\" height=\"807\"  title='certificate' alt='' srcset=\"https:\/\/tex-tek.com\/wp-content\/uploads\/2021\/03\/certificate.jpg 578w, https:\/\/tex-tek.com\/wp-content\/uploads\/2021\/03\/certificate-215x300.jpg 215w, https:\/\/tex-tek.com\/wp-content\/uploads\/2021\/03\/certificate-505x705.jpg 505w\" sizes=\"(max-width: 578px) 100vw, 578px\" \/><\/a><\/div><\/div><\/p><\/div><\/div><\/div><\/main><!-- close content main element --><\/div><\/div><div id='after_section_1'  class='main_color av_default_container_wrap container_wrap sidebar_right' style=' '  ><div class='container' ><div class='template-page content  av-content-small alpha units'><div class='post-entry post-entry-type-page post-entry-3800'><div class='entry-content-wrapper clearfix'>\n","protected":false},"excerpt":{"rendered":"","protected":false},"author":1,"featured_media":0,"parent":0,"menu_order":0,"comment_status":"closed","ping_status":"closed","template":"","meta":{"footnotes":""},"class_list":["post-3800","page","type-page","status-publish","hentry"],"_links":{"self":[{"href":"https:\/\/tex-tek.com\/index.php?rest_route=\/wp\/v2\/pages\/3800","targetHints":{"allow":["GET"]}}],"collection":[{"href":"https:\/\/tex-tek.com\/index.php?rest_route=\/wp\/v2\/pages"}],"about":[{"href":"https:\/\/tex-tek.com\/index.php?rest_route=\/wp\/v2\/types\/page"}],"author":[{"embeddable":true,"href":"https:\/\/tex-tek.com\/index.php?rest_route=\/wp\/v2\/users\/1"}],"replies":[{"embeddable":true,"href":"https:\/\/tex-tek.com\/index.php?rest_route=%2Fwp%2Fv2%2Fcomments&post=3800"}],"version-history":[{"count":13,"href":"https:\/\/tex-tek.com\/index.php?rest_route=\/wp\/v2\/pages\/3800\/revisions"}],"predecessor-version":[{"id":3803,"href":"https:\/\/tex-tek.com\/index.php?rest_route=\/wp\/v2\/pages\/3800\/revisions\/3803"}],"wp:attachment":[{"href":"https:\/\/tex-tek.com\/index.php?rest_route=%2Fwp%2Fv2%2Fmedia&parent=3800"}],"curies":[{"name":"wp","href":"https:\/\/api.w.org\/{rel}","templated":true}]}}