{"id":3749,"date":"2021-03-18T23:21:24","date_gmt":"2021-03-18T20:21:24","guid":{"rendered":"https:\/\/www.tekaykimya.com.tr\/home\/?page_id=3749"},"modified":"2021-03-21T17:51:41","modified_gmt":"2021-03-21T14:51:41","slug":"hizmetler","status":"publish","type":"page","link":"https:\/\/tex-tek.com\/?page_id=3749","title":{"rendered":"H\u0130ZMETLER"},"content":{"rendered":"<div id='search_section'  class='avia-section main_color avia-section-no-padding avia-no-shadow  avia-bg-style-scroll  avia-builder-el-0  el_before_av_section  avia-builder-el-first   container_wrap sidebar_right' style='background-color: #fcfcfc;background-image: linear-gradient(45deg,#fcfcfc,#e8e8e8); '  ><div class='container' ><main  role=\"main\" itemprop=\"mainContentOfPage\"  class='template-page content  av-content-small alpha units'><div class='post-entry post-entry-type-page post-entry-3749'><div class='entry-content-wrapper clearfix'>\n<div   data-size='no scaling'  data-lightbox_size='large'  data-animation='slide'  data-conditional_play=''  data-ids='3761,3759,3760'  data-video_counter='0'  data-autoplay='true'  data-bg_slider='false'  data-slide_height=''  data-handle='av_slideshow'  data-interval='4'  data-class=' avia-builder-el-1  el_before_av_hr  avia-builder-el-first  '  data-el_id=''  data-css_id=''  data-scroll_down=''  data-control_layout='av-control-hidden'  data-custom_markup=''  data-perma_caption=''  data-autoplay_stopper=''  data-image_attachment=''  data-min_height='0px'  data-lazy_loading='disabled'  class='avia-slideshow avia-slideshow-1  av-control-hidden av-default-height-applied avia-slideshow-no scaling av_slideshow  avia-builder-el-1  el_before_av_hr  avia-builder-el-first   avia-slide-slider '  itemprop=\"image\" itemscope=\"itemscope\" itemtype=\"https:\/\/schema.org\/ImageObject\" ><ul class='avia-slideshow-inner ' style='padding-bottom: 56.25%;' ><li  class=' slide-1 ' ><div data-rel='slideshow-1' class='avia-slide-wrap '   ><img decoding=\"async\" class=\"wp-image-3761 avia-img-lazy-loading-not-3761\"  src=\"https:\/\/tex-tek.com\/wp-content\/uploads\/2021\/03\/hizmet-bg1.jpg\" width=\"1024\" height=\"576\" title='hizmet-bg1' alt=''  itemprop=\"thumbnailUrl\" srcset=\"https:\/\/tex-tek.com\/wp-content\/uploads\/2021\/03\/hizmet-bg1.jpg 1024w, https:\/\/tex-tek.com\/wp-content\/uploads\/2021\/03\/hizmet-bg1-300x169.jpg 300w, https:\/\/tex-tek.com\/wp-content\/uploads\/2021\/03\/hizmet-bg1-768x432.jpg 768w, https:\/\/tex-tek.com\/wp-content\/uploads\/2021\/03\/hizmet-bg1-705x397.jpg 705w\" sizes=\"(max-width: 1024px) 100vw, 1024px\" \/><\/div><\/li><li  class=' slide-2 ' ><div data-rel='slideshow-1' class='avia-slide-wrap '   ><img decoding=\"async\" class=\"wp-image-3759 avia-img-lazy-loading-not-3759\"  src=\"https:\/\/tex-tek.com\/wp-content\/uploads\/2021\/03\/hizmet-bg3.jpg\" width=\"1024\" height=\"576\" title='hizmet-bg3' alt=''  itemprop=\"thumbnailUrl\" srcset=\"https:\/\/tex-tek.com\/wp-content\/uploads\/2021\/03\/hizmet-bg3.jpg 1024w, https:\/\/tex-tek.com\/wp-content\/uploads\/2021\/03\/hizmet-bg3-300x169.jpg 300w, https:\/\/tex-tek.com\/wp-content\/uploads\/2021\/03\/hizmet-bg3-768x432.jpg 768w, https:\/\/tex-tek.com\/wp-content\/uploads\/2021\/03\/hizmet-bg3-705x397.jpg 705w\" sizes=\"(max-width: 1024px) 100vw, 1024px\" \/><\/div><\/li><li  class=' slide-3 ' ><div data-rel='slideshow-1' class='avia-slide-wrap '   ><img decoding=\"async\" class=\"wp-image-3760 avia-img-lazy-loading-not-3760\"  src=\"https:\/\/tex-tek.com\/wp-content\/uploads\/2021\/03\/hizmet-bg2.jpg\" width=\"1024\" height=\"576\" title='hizmet-bg2' alt=''  itemprop=\"thumbnailUrl\" srcset=\"https:\/\/tex-tek.com\/wp-content\/uploads\/2021\/03\/hizmet-bg2.jpg 1024w, https:\/\/tex-tek.com\/wp-content\/uploads\/2021\/03\/hizmet-bg2-300x169.jpg 300w, https:\/\/tex-tek.com\/wp-content\/uploads\/2021\/03\/hizmet-bg2-768x432.jpg 768w, https:\/\/tex-tek.com\/wp-content\/uploads\/2021\/03\/hizmet-bg2-705x397.jpg 705w\" sizes=\"(max-width: 1024px) 100vw, 1024px\" \/><\/div><\/li><\/ul><div class='avia-slideshow-arrows avia-slideshow-controls'><a href='#prev' class='prev-slide' aria-hidden='true' data-av_icon='\ue87c' data-av_iconfont='entypo-fontello'>\u00d6nceki<\/a><a href='#next' class='next-slide' aria-hidden='true' data-av_icon='\ue87d' data-av_iconfont='entypo-fontello'>Sonraki<\/a><\/div><div class='avia-slideshow-dots avia-slideshow-controls'><a href='#1' class='goto-slide active' >1<\/a><a href='#2' class='goto-slide ' >2<\/a><a href='#3' class='goto-slide ' >3<\/a><\/div><\/div>\n<div  style='height:10px' class='hr hr-invisible   avia-builder-el-2  el_after_av_slideshow  avia-builder-el-last '><span class='hr-inner ' ><span class='hr-inner-style'><\/span><\/span><\/div>\n\n<\/div><\/div><\/main><!-- close content main element --><\/div><div class='av-extra-border-element border-extra-diagonal border-extra-diagonal-inverse '><div class='av-extra-border-outer'><div class='av-extra-border-inner'  style='background-color:#ffffff;' ><\/div><\/div><\/div><\/div><div id='frontpage_grid'  class='avia-section main_color avia-section-default avia-no-border-styling  avia-bg-style-scroll  avia-builder-el-3  el_after_av_section  el_before_av_section   container_wrap sidebar_right' style=' '  ><div class='container' ><div class='template-page content  av-content-small alpha units'><div class='post-entry post-entry-type-page post-entry-3749'><div class='entry-content-wrapper clearfix'>\n<div class='flex_column_table av-equal-height-column-flextable -flextable' style='margin-top:-300px; margin-bottom:0px; '><div class=\"flex_column av_one_third  flex_column_table_cell av-equal-height-column av-align-top avia-link-column av-column-link avia-link-column-hover first  avia-builder-el-4  el_before_av_one_third  avia-builder-el-first  \" style='background: rgba(255,255,255,0.95); border-width:1px; border-color:rgba(230,234,236,0.5); border-style:solid; padding:40px 10px 40px 10px ; background-color:rgba(255,255,255,0.95); border-radius:0px; ' data-link-column-url=\"https:\/\/tex-tek.com\/\" ><a class=\"av-screen-reader-only\" href=https:\/\/tex-tek.com\/ >Link to: Ana Sayfa<\/a><p><span  class=\"av_font_icon avia_animate_when_visible avia-icon-animate  av-icon-style-  avia-icon-pos-center \" style=\"color:#79c8f8; border-color:#79c8f8;\"><span class='av-icon-char' style='font-size:40px;line-height:40px;' aria-hidden='true' data-av_icon='\ue8d6' data-av_iconfont='entypo-fontello' ><\/span><\/span><br \/>\n<div  style='height:10px' class='hr hr-invisible   avia-builder-el-6  el_after_av_font_icon  el_before_av_heading '><span class='hr-inner ' ><span class='hr-inner-style'><\/span><\/span><\/div><br \/>\n<div  style='padding-bottom:10px; color:#4d6877;font-size:27px;' class='av-special-heading av-special-heading-h3 custom-color-heading blockquote modern-quote modern-centered  avia-builder-el-7  el_after_av_hr  el_before_av_textblock  av-inherit-size '><h3 class='av-special-heading-tag '  itemprop=\"headline\"  >HIZLI VE G\u00dcVEN\u0130L\u0130R LABORATUAR<\/h3><div class='special-heading-border'><div class='special-heading-inner-border' style='border-color:#4d6877'><\/div><\/div><\/div><br \/>\n<section class=\"av_textblock_section \"  itemscope=\"itemscope\" itemtype=\"https:\/\/schema.org\/CreativeWork\" ><div class='avia_textblock  '   itemprop=\"text\" ><p style=\"text-align: center;\">\u00dcr\u00fcnlerimizin kalitesi, laboratuar departman\u0131m\u0131z sayesinde kalite g\u00fcvence alt\u0131na al\u0131nm\u0131\u015ft\u0131r. Firmam\u0131z b\u00fcnyesinde, <strong>AR-GE Laboratuar\u0131 ve M\u00fc\u015fteri Laboratuar\u0131<\/strong> hizmeti mevcuttur.<\/p>\n<\/div><\/section><\/p><\/div><div class='av-flex-placeholder'><\/div><div class=\"flex_column av_one_third  flex_column_table_cell av-equal-height-column av-align-top avia-link-column av-column-link avia-link-column-hover   avia-builder-el-9  el_after_av_one_third  el_before_av_one_third  \" style='background: rgba(255,255,255,0.95); border-width:1px; border-color:rgba(230,234,236,0.5); border-style:solid; padding:40px 10px 40px 10px ; background-color:rgba(255,255,255,0.95); border-radius:0px; ' data-link-column-url=\"https:\/\/tex-tek.com\/\" ><a class=\"av-screen-reader-only\" href=https:\/\/tex-tek.com\/ >Link to: Ana Sayfa<\/a><p><span  class=\"av_font_icon avia_animate_when_visible avia-icon-animate  av-icon-style-  avia-icon-pos-center \" style=\"color:#79c8f8; border-color:#79c8f8;\"><span class='av-icon-char' style='font-size:40px;line-height:40px;' aria-hidden='true' data-av_icon='\ue8b6' data-av_iconfont='entypo-fontello' ><\/span><\/span><br \/>\n<div  style='height:10px' class='hr hr-invisible   avia-builder-el-11  el_after_av_font_icon  el_before_av_heading '><span class='hr-inner ' ><span class='hr-inner-style'><\/span><\/span><\/div><br \/>\n<div  style='padding-bottom:10px; color:#4d6877;font-size:27px;' class='av-special-heading av-special-heading-h3 custom-color-heading blockquote modern-quote modern-centered  avia-builder-el-12  el_after_av_hr  el_before_av_textblock  av-inherit-size '><h3 class='av-special-heading-tag '  itemprop=\"headline\"  >HIZLI LOJ\u0130ST\u0130K<\/h3><div class='special-heading-border'><div class='special-heading-inner-border' style='border-color:#4d6877'><\/div><\/div><\/div><br \/>\n<section class=\"av_textblock_section \"  itemscope=\"itemscope\" itemtype=\"https:\/\/schema.org\/CreativeWork\" ><div class='avia_textblock  '   itemprop=\"text\" ><p style=\"text-align: center;\">&#8220;\u0130lk defas\u0131nda ve her defas\u0131nda zaman\u0131nda&#8221; prensibini ilke edinen lojistik alt yap\u0131m\u0131z sayesinde \u00fcr\u00fcnlerimiz yurt i\u00e7inde ve yurt d\u0131\u015f\u0131nda m\u00fc\u015fterilerimize h\u0131zl\u0131 bir \u015fekilde ula\u015ft\u0131r\u0131lmaktad\u0131r.<\/p>\n<\/div><\/section><\/p><\/div><div class='av-flex-placeholder'><\/div><div class=\"flex_column av_one_third  flex_column_table_cell av-equal-height-column av-align-top avia-link-column av-column-link avia-link-column-hover   avia-builder-el-14  el_after_av_one_third  avia-builder-el-last  \" style='background: rgba(255,255,255,0.95); border-width:1px; border-color:rgba(230,234,236,0.5); border-style:solid; padding:40px 10px 40px 10px ; background-color:rgba(255,255,255,0.95); border-radius:0px; ' data-link-column-url=\"https:\/\/tex-tek.com\/\" ><a class=\"av-screen-reader-only\" href=https:\/\/tex-tek.com\/ >Link to: Ana Sayfa<\/a><p><span  class=\"av_font_icon avia_animate_when_visible avia-icon-animate  av-icon-style-  avia-icon-pos-center \" style=\"color:#79c8f8; border-color:#79c8f8;\"><span class='av-icon-char' style='font-size:40px;line-height:40px;' aria-hidden='true' data-av_icon='\ue855' data-av_iconfont='entypo-fontello' ><\/span><\/span><br \/>\n<div  style='height:10px' class='hr hr-invisible   avia-builder-el-16  el_after_av_font_icon  el_before_av_heading '><span class='hr-inner ' ><span class='hr-inner-style'><\/span><\/span><\/div><br \/>\n<div  style='padding-bottom:10px; color:#4d6877;font-size:27px;' class='av-special-heading av-special-heading-h3 custom-color-heading blockquote modern-quote modern-centered  avia-builder-el-17  el_after_av_hr  el_before_av_textblock  av-inherit-size '><h3 class='av-special-heading-tag '  itemprop=\"headline\"  >TEKN\u0130K KONULARDA \u00c7\u00d6Z\u00dcM ORTA\u011eI<\/h3><div class='special-heading-border'><div class='special-heading-inner-border' style='border-color:#4d6877'><\/div><\/div><\/div><br \/>\n<section class=\"av_textblock_section \"  itemscope=\"itemscope\" itemtype=\"https:\/\/schema.org\/CreativeWork\" ><div class='avia_textblock  '   itemprop=\"text\" ><p style=\"text-align: center;\">Hizmet, kalite, \u00e7e\u015fitlilik ve teknik destek konular\u0131nda kendini geli\u015ftirmi\u015f olan firmam\u0131z y\u00fcksek kalitedeki \u00fcr\u00fcn yelpazesini m\u00fc\u015fterilerine sunarak \u00e7\u00f6z\u00fcm orta\u011f\u0131 haline gelmi\u015ftir.<\/p>\n<\/div><\/section><\/p><\/div><\/div><!--close column table wrapper. Autoclose: 1 -->\n\n<\/div><\/div><\/div><!-- close content main div --><\/div><div class='av-extra-border-element border-extra-diagonal  '><div class='av-extra-border-outer'><div class='av-extra-border-inner'  style='background-color:#ffffff;' ><\/div><\/div><\/div><\/div><div id='av_section_3'  class='avia-section main_color avia-section-small avia-no-border-styling  avia-bg-style-scroll  avia-builder-el-19  el_after_av_section  el_before_av_section   container_wrap sidebar_right' style='background-color: #f8f8f8;  '  ><div class='container' ><div class='template-page content  av-content-small alpha units'><div class='post-entry post-entry-type-page post-entry-3749'><div class='entry-content-wrapper clearfix'>\n<div class=\"flex_column av_two_third  flex_column_div av-zero-column-padding first  avia-builder-el-20  el_before_av_one_third  avia-builder-el-first  \" style='border-radius:0px; '><div id='avia-messagebox-'style='background-color:#ffffff; color:#232323; ' class='avia_message_box  avia-color-custom avia-size-large avia-icon_select-yes avia-border-dashed  avia-builder-el-21  avia-builder-el-no-sibling '><span class='avia_message_box_title' >AR-GE LABORATUARI<\/span><div class='avia_message_box_content' ><span class='avia_message_box_icon' aria-hidden='true' data-av_icon='\ue8d6' data-av_iconfont='entypo-fontello'><\/span><p>Katma de\u011feri y\u00fcksek \u00fcr\u00fcnler geli\u015ftirebilmek amac\u0131yla kimyager ve kimya m\u00fchendislerinden olu\u015fan bir AR-GE ekibi olu\u015fturduk. Kulland\u0131\u011f\u0131m\u0131z ham maddelerin ulusal ve \u00e7evre standartlar\u0131na uygunlu\u011fu AR-GE b\u00f6l\u00fcm\u00fcm\u00fcz taraf\u0131ndan analiz edilmektedir.<\/p>\n<p>\u00c7evre ve insan sa\u011fl\u0131\u011f\u0131 a\u00e7\u0131s\u0131ndan s\u00fcrd\u00fcr\u00fclebilirlik ile kalite standartlar\u0131n\u0131 t\u00fcm \u00e7al\u0131\u015fmalar\u0131m\u0131zda \u00f6n planda tutuyoruz. \u00c7evreye zarar verecek hi\u00e7 bir kimyasalla \u00fcretim yapm\u0131yoruz.<\/p>\n<p>\u00dcretimde kulland\u0131\u011f\u0131m\u0131z ham maddelerin hi\u00e7 biri, yan\u0131c\u0131, parlay\u0131c\u0131, patlay\u0131c\u0131 madde i\u00e7ermemektedir. Satt\u0131\u011f\u0131m\u0131z \u00fcr\u00fcnler i\u00e7in analiz sertifikas\u0131 vermekteyiz.<\/p>\n<\/div><\/div><\/div><div class=\"flex_column av_one_third  flex_column_div   avia-builder-el-22  el_after_av_two_third  avia-builder-el-last  \" style='padding:0px 0px 0px 0px ; border-radius:0px; '><div  class='avia-gallery  avia-gallery-1 avia_lazyload avia-gallery-animate avia_animate_when_visible  avia-builder-el-23  avia-builder-el-no-sibling '  itemprop=\"image\" itemscope=\"itemscope\" itemtype=\"https:\/\/schema.org\/ImageObject\" ><a class='avia-gallery-big fakeLightbox lightbox avia-gallery-big-no-crop-thumb ' href='https:\/\/tex-tek.com\/wp-content\/uploads\/2021\/03\/hizmet-bg4.jpg'  data-onclick='1' title='hizmet-bg4' ><span class='avia-gallery-big-inner'  itemprop=\"thumbnailUrl\" ><img decoding=\"async\" class=\"wp-image-3770 avia-img-lazy-loading-not-3770\"  width=\"1024\" height=\"576\" src=\"https:\/\/tex-tek.com\/wp-content\/uploads\/2021\/03\/hizmet-bg4.jpg\" title='hizmet-bg4' alt='' srcset=\"https:\/\/tex-tek.com\/wp-content\/uploads\/2021\/03\/hizmet-bg4.jpg 1024w, https:\/\/tex-tek.com\/wp-content\/uploads\/2021\/03\/hizmet-bg4-300x169.jpg 300w, https:\/\/tex-tek.com\/wp-content\/uploads\/2021\/03\/hizmet-bg4-768x432.jpg 768w, https:\/\/tex-tek.com\/wp-content\/uploads\/2021\/03\/hizmet-bg4-705x397.jpg 705w\" sizes=\"(max-width: 1024px) 100vw, 1024px\" \/><\/span><\/a><div class='avia-gallery-thumb'> <a href='https:\/\/tex-tek.com\/wp-content\/uploads\/2021\/03\/hizmet-bg4.jpg' data-rel='gallery-1' data-prev-img='https:\/\/tex-tek.com\/wp-content\/uploads\/2021\/03\/hizmet-bg4.jpg' class='first_thumb lightbox ' data-onclick='1' title='hizmet-bg4'  itemprop=\"thumbnailUrl\"  ><img decoding=\"async\" class=\"wp-image-3770 avia-img-lazy-loading-not-3770\"   src=\"https:\/\/tex-tek.com\/wp-content\/uploads\/2021\/03\/hizmet-bg4.jpg\" width=\"1024\" height=\"576\"  title='hizmet-bg4' alt='' srcset=\"https:\/\/tex-tek.com\/wp-content\/uploads\/2021\/03\/hizmet-bg4.jpg 1024w, https:\/\/tex-tek.com\/wp-content\/uploads\/2021\/03\/hizmet-bg4-300x169.jpg 300w, https:\/\/tex-tek.com\/wp-content\/uploads\/2021\/03\/hizmet-bg4-768x432.jpg 768w, https:\/\/tex-tek.com\/wp-content\/uploads\/2021\/03\/hizmet-bg4-705x397.jpg 705w\" sizes=\"(max-width: 1024px) 100vw, 1024px\" \/><\/a> <a href='https:\/\/tex-tek.com\/wp-content\/uploads\/2021\/03\/hizmet-bg5.jpg' data-rel='gallery-1' data-prev-img='https:\/\/tex-tek.com\/wp-content\/uploads\/2021\/03\/hizmet-bg5.jpg' class='lightbox ' data-onclick='2' title='hizmet-bg5'  itemprop=\"thumbnailUrl\"  ><img decoding=\"async\" class=\"wp-image-3769 avia-img-lazy-loading-not-3769\"   src=\"https:\/\/tex-tek.com\/wp-content\/uploads\/2021\/03\/hizmet-bg5.jpg\" width=\"1024\" height=\"576\"  title='hizmet-bg5' alt='' srcset=\"https:\/\/tex-tek.com\/wp-content\/uploads\/2021\/03\/hizmet-bg5.jpg 1024w, https:\/\/tex-tek.com\/wp-content\/uploads\/2021\/03\/hizmet-bg5-300x169.jpg 300w, https:\/\/tex-tek.com\/wp-content\/uploads\/2021\/03\/hizmet-bg5-768x432.jpg 768w, https:\/\/tex-tek.com\/wp-content\/uploads\/2021\/03\/hizmet-bg5-705x397.jpg 705w\" sizes=\"(max-width: 1024px) 100vw, 1024px\" \/><\/a> <a href='https:\/\/tex-tek.com\/wp-content\/uploads\/2021\/03\/hizmet-bg6.jpg' data-rel='gallery-1' data-prev-img='https:\/\/tex-tek.com\/wp-content\/uploads\/2021\/03\/hizmet-bg6.jpg' class='lightbox ' data-onclick='3' title='hizmet-bg6'  itemprop=\"thumbnailUrl\"  ><img decoding=\"async\" class=\"wp-image-3768 avia-img-lazy-loading-not-3768\"   src=\"https:\/\/tex-tek.com\/wp-content\/uploads\/2021\/03\/hizmet-bg6.jpg\" width=\"1024\" height=\"576\"  title='hizmet-bg6' alt='' srcset=\"https:\/\/tex-tek.com\/wp-content\/uploads\/2021\/03\/hizmet-bg6.jpg 1024w, https:\/\/tex-tek.com\/wp-content\/uploads\/2021\/03\/hizmet-bg6-300x169.jpg 300w, https:\/\/tex-tek.com\/wp-content\/uploads\/2021\/03\/hizmet-bg6-768x432.jpg 768w, https:\/\/tex-tek.com\/wp-content\/uploads\/2021\/03\/hizmet-bg6-705x397.jpg 705w\" sizes=\"(max-width: 1024px) 100vw, 1024px\" \/><\/a><\/div><\/div><\/div>\n\n<\/div><\/div><\/div><!-- close content main div --><\/div><\/div><div id='faq_section'  class='avia-section main_color avia-section-small avia-no-border-styling  avia-bg-style-scroll  avia-builder-el-24  el_after_av_section  avia-builder-el-last   container_wrap sidebar_right' style='background-color: #ffffff;  '  ><div class='container' ><div class='template-page content  av-content-small alpha units'><div class='post-entry post-entry-type-page post-entry-3749'><div class='entry-content-wrapper clearfix'>\n<div class=\"flex_column av_one_third  flex_column_div first  avia-builder-el-25  el_before_av_two_third  avia-builder-el-first  \" style='margin-top:0px; margin-bottom:0px; padding:0px 0px 0px 0px ; border-radius:0px; '><div  class='avia-gallery  avia-gallery-2 avia_lazyload avia-gallery-animate avia_animate_when_visible  avia-builder-el-26  avia-builder-el-no-sibling '  itemprop=\"image\" itemscope=\"itemscope\" itemtype=\"https:\/\/schema.org\/ImageObject\" ><a class='avia-gallery-big fakeLightbox lightbox avia-gallery-big-no-crop-thumb ' href='https:\/\/tex-tek.com\/wp-content\/uploads\/2021\/03\/hizmet-bg9.jpg'  data-onclick='1' title='hizmet-bg9' ><span class='avia-gallery-big-inner'  itemprop=\"thumbnailUrl\" ><img decoding=\"async\" class=\"wp-image-3781 avia-img-lazy-loading-not-3781\"  width=\"1024\" height=\"576\" src=\"https:\/\/tex-tek.com\/wp-content\/uploads\/2021\/03\/hizmet-bg9.jpg\" title='hizmet-bg9' alt='' srcset=\"https:\/\/tex-tek.com\/wp-content\/uploads\/2021\/03\/hizmet-bg9.jpg 1024w, https:\/\/tex-tek.com\/wp-content\/uploads\/2021\/03\/hizmet-bg9-300x169.jpg 300w, https:\/\/tex-tek.com\/wp-content\/uploads\/2021\/03\/hizmet-bg9-768x432.jpg 768w, https:\/\/tex-tek.com\/wp-content\/uploads\/2021\/03\/hizmet-bg9-705x397.jpg 705w\" sizes=\"(max-width: 1024px) 100vw, 1024px\" \/><\/span><\/a><div class='avia-gallery-thumb'> <a href='https:\/\/tex-tek.com\/wp-content\/uploads\/2021\/03\/hizmet-bg9.jpg' data-rel='gallery-2' data-prev-img='https:\/\/tex-tek.com\/wp-content\/uploads\/2021\/03\/hizmet-bg9.jpg' class='first_thumb lightbox ' data-onclick='1' title='hizmet-bg9'  itemprop=\"thumbnailUrl\"  ><img decoding=\"async\" class=\"wp-image-3781 avia-img-lazy-loading-not-3781\"   src=\"https:\/\/tex-tek.com\/wp-content\/uploads\/2021\/03\/hizmet-bg9.jpg\" width=\"1024\" height=\"576\"  title='hizmet-bg9' alt='' srcset=\"https:\/\/tex-tek.com\/wp-content\/uploads\/2021\/03\/hizmet-bg9.jpg 1024w, https:\/\/tex-tek.com\/wp-content\/uploads\/2021\/03\/hizmet-bg9-300x169.jpg 300w, https:\/\/tex-tek.com\/wp-content\/uploads\/2021\/03\/hizmet-bg9-768x432.jpg 768w, https:\/\/tex-tek.com\/wp-content\/uploads\/2021\/03\/hizmet-bg9-705x397.jpg 705w\" sizes=\"(max-width: 1024px) 100vw, 1024px\" \/><\/a> <a href='https:\/\/tex-tek.com\/wp-content\/uploads\/2021\/03\/hizmet-bg8.jpg' data-rel='gallery-2' data-prev-img='https:\/\/tex-tek.com\/wp-content\/uploads\/2021\/03\/hizmet-bg8.jpg' class='lightbox ' data-onclick='2' title='hizmet-bg8'  itemprop=\"thumbnailUrl\"  ><img decoding=\"async\" class=\"wp-image-3782 avia-img-lazy-loading-not-3782\"   src=\"https:\/\/tex-tek.com\/wp-content\/uploads\/2021\/03\/hizmet-bg8.jpg\" width=\"1024\" height=\"576\"  title='hizmet-bg8' alt='' srcset=\"https:\/\/tex-tek.com\/wp-content\/uploads\/2021\/03\/hizmet-bg8.jpg 1024w, https:\/\/tex-tek.com\/wp-content\/uploads\/2021\/03\/hizmet-bg8-300x169.jpg 300w, https:\/\/tex-tek.com\/wp-content\/uploads\/2021\/03\/hizmet-bg8-768x432.jpg 768w, https:\/\/tex-tek.com\/wp-content\/uploads\/2021\/03\/hizmet-bg8-705x397.jpg 705w\" sizes=\"(max-width: 1024px) 100vw, 1024px\" \/><\/a> <a href='https:\/\/tex-tek.com\/wp-content\/uploads\/2021\/03\/hizmet-bg7.jpg' data-rel='gallery-2' data-prev-img='https:\/\/tex-tek.com\/wp-content\/uploads\/2021\/03\/hizmet-bg7.jpg' class='lightbox ' data-onclick='3' title='hizmet-bg7'  itemprop=\"thumbnailUrl\"  ><img decoding=\"async\" class=\"wp-image-3783 avia-img-lazy-loading-not-3783\"   src=\"https:\/\/tex-tek.com\/wp-content\/uploads\/2021\/03\/hizmet-bg7.jpg\" width=\"1024\" height=\"576\"  title='hizmet-bg7' alt='' srcset=\"https:\/\/tex-tek.com\/wp-content\/uploads\/2021\/03\/hizmet-bg7.jpg 1024w, https:\/\/tex-tek.com\/wp-content\/uploads\/2021\/03\/hizmet-bg7-300x169.jpg 300w, https:\/\/tex-tek.com\/wp-content\/uploads\/2021\/03\/hizmet-bg7-768x432.jpg 768w, https:\/\/tex-tek.com\/wp-content\/uploads\/2021\/03\/hizmet-bg7-705x397.jpg 705w\" sizes=\"(max-width: 1024px) 100vw, 1024px\" \/><\/a><\/div><\/div><\/div><div class=\"flex_column av_two_third  flex_column_div av-zero-column-padding   avia-builder-el-27  el_after_av_one_third  avia-builder-el-last  \" style='margin-top:0px; margin-bottom:0px; border-radius:0px; '><div id='avia-messagebox-'style='background-color:#f8f8f8; color:#1c1c1c; ' class='avia_message_box  avia-color-custom avia-size-large avia-icon_select-yes avia-border-dashed  avia-builder-el-28  avia-builder-el-no-sibling '><span class='avia_message_box_title' >M\u00dc\u015eTER\u0130 LABORATUARI<\/span><div class='avia_message_box_content' ><span class='avia_message_box_icon' aria-hidden='true' data-av_icon='\ue8d6' data-av_iconfont='entypo-fontello'><\/span><p>Firmam\u0131z b\u00fcnyesinde hizmet veren laboratuvar departman\u0131m\u0131z sayesinde, kalite g\u00fcvence alt\u0131na al\u0131n\u0131yor.<\/p>\n<p>Laboratuvarda m\u00fc\u015fterilerilerin renk \u00e7al\u0131\u015fmalar\u0131 ve kimyasal analizler yap\u0131l\u0131rken; renk kontrolleri renk \u00f6l\u00e7\u00fcm cihaz\u0131 (spektrofotometre) ile ger\u00e7ekle\u015ftiriliyor ve renk \u00f6l\u00e7\u00fcmleri firma baz\u0131nda ar\u015fivleniyor.<\/p>\n<p>Renk \u00f6l\u00e7\u00fcm cihazlar\u0131na kullan\u0131lan t\u00fcm boyalar\u0131n a\u00e7\u0131l\u0131mlar\u0131 y\u00fcklenerek, hatas\u0131z bir \u015fekilde re\u00e7etelerin al\u0131nmas\u0131 sa\u011flan\u0131yor.<\/p>\n<p>\u00d6l\u00e7\u00fcm do\u011frulu\u011fu, sapmas\u0131, izlenebilirli\u011fi ve bak\u0131m\u0131n\u0131n teminat alt\u0131na al\u0131nmas\u0131 i\u00e7in cihaz\u0131n hassasiyetine g\u00f6re belirlenen periyotlarla cihazlar\u0131n kalibrasyonu ger\u00e7ekle\u015ftiriliyor.<\/p>\n<p>Laboratuvar\u0131m\u0131zda bulunan \u00fcr\u00fcn kalitesini etkileyen, muayene, \u00f6l\u00e7me ve deney cihazlar\u0131n\u0131n izlenebilirli\u011fi, uluslararas\u0131 standartlara uygun referansl\u0131 cihazlar kullan\u0131larak yap\u0131l\u0131yor.<\/p>\n<\/div><\/div><\/div>\n<\/div><\/div><\/div><!-- close content main div --><\/div><\/div><div id='after_section_4'  class='main_color av_default_container_wrap container_wrap sidebar_right' style=' '  ><div class='container' ><div class='template-page content  av-content-small alpha units'><div class='post-entry post-entry-type-page post-entry-3749'><div class='entry-content-wrapper clearfix'>\n","protected":false},"excerpt":{"rendered":"","protected":false},"author":1,"featured_media":0,"parent":0,"menu_order":0,"comment_status":"closed","ping_status":"closed","template":"","meta":{"footnotes":""},"class_list":["post-3749","page","type-page","status-publish","hentry"],"_links":{"self":[{"href":"https:\/\/tex-tek.com\/index.php?rest_route=\/wp\/v2\/pages\/3749","targetHints":{"allow":["GET"]}}],"collection":[{"href":"https:\/\/tex-tek.com\/index.php?rest_route=\/wp\/v2\/pages"}],"about":[{"href":"https:\/\/tex-tek.com\/index.php?rest_route=\/wp\/v2\/types\/page"}],"author":[{"embeddable":true,"href":"https:\/\/tex-tek.com\/index.php?rest_route=\/wp\/v2\/users\/1"}],"replies":[{"embeddable":true,"href":"https:\/\/tex-tek.com\/index.php?rest_route=%2Fwp%2Fv2%2Fcomments&post=3749"}],"version-history":[{"count":40,"href":"https:\/\/tex-tek.com\/index.php?rest_route=\/wp\/v2\/pages\/3749\/revisions"}],"predecessor-version":[{"id":3930,"href":"https:\/\/tex-tek.com\/index.php?rest_route=\/wp\/v2\/pages\/3749\/revisions\/3930"}],"wp:attachment":[{"href":"https:\/\/tex-tek.com\/index.php?rest_route=%2Fwp%2Fv2%2Fmedia&parent=3749"}],"curies":[{"name":"wp","href":"https:\/\/api.w.org\/{rel}","templated":true}]}}