{"id":3709,"date":"2021-03-17T21:27:13","date_gmt":"2021-03-17T18:27:13","guid":{"rendered":"https:\/\/www.tekaykimya.com.tr\/home\/?page_id=3709"},"modified":"2021-12-07T16:25:18","modified_gmt":"2021-12-07T13:25:18","slug":"kurumsal","status":"publish","type":"page","link":"https:\/\/tex-tek.com\/?page_id=3709","title":{"rendered":"KURUMSAL"},"content":{"rendered":"<div id='search_section'  class='avia-section main_color avia-section-default avia-no-shadow  avia-bg-style-scroll  avia-builder-el-0  el_before_av_section  avia-builder-el-first   container_wrap sidebar_right' style='background-color: #009efd;background-image: linear-gradient(45deg,#009efd,#2af598); '  ><div class='container' ><main  role=\"main\" itemprop=\"mainContentOfPage\"  class='template-page content  av-content-small alpha units'><div class='post-entry post-entry-type-page post-entry-3709'><div class='entry-content-wrapper clearfix'>\n<div  style='padding-bottom:0px; color:#ffffff;font-size:42px;' class='av-special-heading av-special-heading-h2 custom-color-heading blockquote modern-quote modern-centered  avia-builder-el-1  el_before_av_textblock  avia-builder-el-first  av-inherit-size '><h2 class='av-special-heading-tag '  itemprop=\"headline\"  >TEX-TEK K\u0130MYA END\u00dcSTR\u0130 A.\u015e.<\/h2><div class='special-heading-border'><div class='special-heading-inner-border' style='border-color:#ffffff'><\/div><\/div><\/div>\n<section class=\"av_textblock_section \"  itemscope=\"itemscope\" itemtype=\"https:\/\/schema.org\/CreativeWork\" ><div class='avia_textblock  av_inherit_color '  style='color:#ffffff; '  itemprop=\"text\" ><p><strong>TEX-TEK bir TEKAY GRUP<\/strong> kurulu\u015fudur. Tekay Grup, tekstil boya ve kimyasallar\u0131 sekt\u00f6r\u00fcnde daima en iyi olmay\u0131 ve m\u00fc\u015fteriye en iyiyi sunmay\u0131 hedefleyen, ISO normlar\u0131na sahip bir kurulu\u015ftur. Tekay&#8217;\u0131n h\u0131zl\u0131 ve istikrarl\u0131 b\u00fcy\u00fcmesinin ard\u0131nda, ko\u015fulsuz m\u00fc\u015fteri memnuniyeti anlay\u0131\u015f\u0131, insan kaynaklar\u0131 yat\u0131r\u0131mlar\u0131 ve toplam kalite anlay\u0131\u015f\u0131na dayanan kurumsal politikalar\u0131 yatmaktad\u0131r. Tekay bu deneyimini kurucusunun 1972&#8217;den beri tekstil sekt\u00f6r\u00fcndeki tecr\u00fcbelerine bor\u00e7ludur. T\u00fcm \u00fcr\u00fcnleri ve kalitesi ile i\u00e7 pazarda vazge\u00e7ilemeyen bir marka olmay\u0131 ama\u00e7layan Tekay Kimya, T\u00fcrkiye pazar\u0131nda tekstil boya ve kimyasallar\u0131 konusunda her seferinde ayn\u0131 kalite, daima uygun fiyat, geni\u015f yelpazeli \u00fcr\u00fcn gam\u0131, \u00e7\u0131kabilecek sorunlara kar\u015f\u0131 \u00f6nlem alma, \u00f6nceden \u00e7\u00f6z\u00fcm bulma, \u00f6ncelikle m\u00fc\u015fteri memnuniyetini ama\u00e7 edinerek, miktar\u0131 ne olursa olsun ayn\u0131 g\u00fcn sipari\u015fin sorunsuz ve kesintisiz iletimi ile rakipleri aras\u0131nda farkl\u0131 bir yerdedir.<\/p>\n<p><strong>M\u0130SYON<\/strong><\/p>\n<p>Kaliteyi bir maliyet haline getirmeden, m\u00fc\u015fteri memnuniyetini en \u00fcst seviyede tutmak. Proses iyile\u015ftirme \u00e7al\u0131\u015fmalar\u0131 ile farkl\u0131, yenilik\u00e7i uygulamalarla, kal\u0131c\u0131l\u0131\u011f\u0131 ile vazge\u00e7ilmez olmak. Daima yenilik\u00e7i ve yarat\u0131c\u0131 olarak optimal kapasitede \u00e7al\u0131\u015fmak. Toplumsal sorumluluklar\u0131m\u0131z\u0131 en y\u00fcksek seviyede yerine getirmek. &#8220;\u0130lk defas\u0131nda ve her defas\u0131nda zaman\u0131nda&#8221; ilkesini benimseyip m\u00fc\u015fterilerimizi ve \u00e7al\u0131\u015fanlar\u0131m\u0131z\u0131 mutlu ederek di\u011fer firmalara \u00f6nc\u00fc olmakt\u0131r.<\/p>\n<\/div><\/section>\n<div  style='height:270px' class='hr hr-invisible   avia-builder-el-3  el_after_av_textblock  avia-builder-el-last '><span class='hr-inner ' ><span class='hr-inner-style'><\/span><\/span><\/div>\n<\/div><\/div><\/main><!-- close content main element --><\/div><div class='av-extra-border-element border-extra-diagonal border-extra-diagonal-inverse '><div class='av-extra-border-outer'><div class='av-extra-border-inner'  style='background-color:#ffffff;' ><\/div><\/div><\/div><\/div><div id='av_section_2'  class='avia-section main_color avia-section-small avia-no-border-styling  avia-bg-style-scroll  avia-builder-el-4  el_after_av_section  avia-builder-el-last   container_wrap sidebar_right' style=' '  ><div class='container' ><div class='template-page content  av-content-small alpha units'><div class='post-entry post-entry-type-page post-entry-3709'><div class='entry-content-wrapper clearfix'>\n<div class=\"flex_column av_one_full  flex_column_div first  avia-builder-el-5  avia-builder-el-no-sibling  \" style='margin-top:-300px; margin-bottom:0px; background: rgba(255,255,255,0.95); border-width:1px; border-color:rgba(230,234,236,0.5); border-style:solid; padding:10px 10px 10px 10px ; background-color:rgba(255,255,255,0.95); border-radius:0px; '><div id='av-masonry-1' class='av-masonry  noHover av-flex-size av-large-gap av-hover-overlay-active av-masonry-animation-active av-masonry-col-4 av-caption-always av-caption-style- av-masonry-gallery     '  ><div class='av-masonry-container isotope av-js-disabled ' ><div class='av-masonry-entry isotope-item av-masonry-item-no-image '><\/div><a href=\"https:\/\/tex-tek.com\/wp-content\/uploads\/2021\/03\/hakkinda3.jpg\"  aria-label=\"image hakkinda3\"  id='av-masonry-1-item-3725' data-av-masonry-item='3725' class='av-masonry-entry isotope-item post-3725 attachment type-attachment status-inherit hentry  av-masonry-item-with-image' title=\"hakkinda3\" alt=\"\"   itemprop=\"thumbnailUrl\" ><div class='av-inner-masonry-sizer'><\/div><figure class='av-inner-masonry main_color'><div class=\"av-masonry-outerimage-container\"><div class=\"av-masonry-image-container\" ><img decoding=\"async\" width=\"400\" height=\"284\" class=\"wp-image-3725 avia-img-lazy-loading-not-3725\"  src=\"https:\/\/tex-tek.com\/wp-content\/uploads\/2021\/03\/hakkinda3.jpg\" title=\"hakkinda3\" alt=\"\" srcset=\"https:\/\/tex-tek.com\/wp-content\/uploads\/2021\/03\/hakkinda3.jpg 400w, https:\/\/tex-tek.com\/wp-content\/uploads\/2021\/03\/hakkinda3-300x213.jpg 300w, https:\/\/tex-tek.com\/wp-content\/uploads\/2021\/03\/hakkinda3-260x185.jpg 260w\" sizes=\"(max-width: 400px) 100vw, 400px\" \/><\/div><\/div><figcaption class='av-inner-masonry-content site-background'><div class='av-inner-masonry-content-pos'><div class='av-inner-masonry-content-pos-content'><div class='avia-arrow'><\/div><div class='av-masonry-entry-content entry-content'  itemprop=\"text\" >\u00dcretim Yeri<\/div><\/div><\/div><\/figcaption><\/figure><\/a><!--end av-masonry entry--><a href=\"https:\/\/tex-tek.com\/wp-content\/uploads\/2021\/03\/tekay_bursa_bina.jpg\"  aria-label=\"image tekay_bursa_bina\"  id='av-masonry-1-item-3732' data-av-masonry-item='3732' class='av-masonry-entry isotope-item post-3732 attachment type-attachment status-inherit hentry  av-masonry-item-with-image' title=\"tekay_bursa_bina\" alt=\"\"   itemprop=\"thumbnailUrl\" ><div class='av-inner-masonry-sizer'><\/div><figure class='av-inner-masonry main_color'><div class=\"av-masonry-outerimage-container\"><div class=\"av-masonry-image-container\" ><img decoding=\"async\" width=\"622\" height=\"705\" class=\"wp-image-3732 avia-img-lazy-loading-not-3732\"  src=\"https:\/\/tex-tek.com\/wp-content\/uploads\/2021\/03\/tekay_bursa_bina-622x705.jpg\" title=\"tekay_bursa_bina\" alt=\"\" srcset=\"https:\/\/tex-tek.com\/wp-content\/uploads\/2021\/03\/tekay_bursa_bina-622x705.jpg 622w, https:\/\/tex-tek.com\/wp-content\/uploads\/2021\/03\/tekay_bursa_bina-265x300.jpg 265w, https:\/\/tex-tek.com\/wp-content\/uploads\/2021\/03\/tekay_bursa_bina-768x871.jpg 768w, https:\/\/tex-tek.com\/wp-content\/uploads\/2021\/03\/tekay_bursa_bina.jpg 793w\" sizes=\"(max-width: 622px) 100vw, 622px\" \/><\/div><\/div><figcaption class='av-inner-masonry-content site-background'><div class='av-inner-masonry-content-pos'><div class='av-inner-masonry-content-pos-content'><div class='avia-arrow'><\/div><div class='av-masonry-entry-content entry-content'  itemprop=\"text\" >Bursa Serbest B\u00f6lge, Gemlik - Bina<\/div><\/div><\/div><\/figcaption><\/figure><\/a><!--end av-masonry entry--><a href=\"https:\/\/tex-tek.com\/wp-content\/uploads\/2021\/03\/hakkinda6-1030x550.jpg\"  aria-label=\"image hakkinda6\"  id='av-masonry-1-item-3728' data-av-masonry-item='3728' class='av-masonry-entry isotope-item post-3728 attachment type-attachment status-inherit hentry  av-masonry-item-with-image' title=\"hakkinda6\" alt=\"\"   itemprop=\"thumbnailUrl\" ><div class='av-inner-masonry-sizer'><\/div><figure class='av-inner-masonry main_color'><div class=\"av-masonry-outerimage-container\"><div class=\"av-masonry-image-container\" ><img decoding=\"async\" width=\"705\" height=\"376\" class=\"wp-image-3728 avia-img-lazy-loading-not-3728\"  src=\"https:\/\/tex-tek.com\/wp-content\/uploads\/2021\/03\/hakkinda6-705x376.jpg\" title=\"hakkinda6\" alt=\"\" srcset=\"https:\/\/tex-tek.com\/wp-content\/uploads\/2021\/03\/hakkinda6-705x376.jpg 705w, https:\/\/tex-tek.com\/wp-content\/uploads\/2021\/03\/hakkinda6-300x160.jpg 300w, https:\/\/tex-tek.com\/wp-content\/uploads\/2021\/03\/hakkinda6-1030x550.jpg 1030w, https:\/\/tex-tek.com\/wp-content\/uploads\/2021\/03\/hakkinda6-768x410.jpg 768w, https:\/\/tex-tek.com\/wp-content\/uploads\/2021\/03\/hakkinda6.jpg 1500w\" sizes=\"(max-width: 705px) 100vw, 705px\" \/><\/div><\/div><figcaption class='av-inner-masonry-content site-background'><div class='av-inner-masonry-content-pos'><div class='av-inner-masonry-content-pos-content'><div class='avia-arrow'><\/div><div class='av-masonry-entry-content entry-content'  itemprop=\"text\" >Merkez Bina'n\u0131n bulundu\u011fu \u0130stanbul Deri OSB<\/div><\/div><\/div><\/figcaption><\/figure><\/a><!--end av-masonry entry--><a href=\"https:\/\/tex-tek.com\/wp-content\/uploads\/2021\/03\/hakkinda7-1030x773.jpg\"  aria-label=\"image hakkinda7\"  id='av-masonry-1-item-3729' data-av-masonry-item='3729' class='av-masonry-entry isotope-item post-3729 attachment type-attachment status-inherit hentry  av-masonry-item-with-image' title=\"hakkinda7\" alt=\"\"   itemprop=\"thumbnailUrl\" ><div class='av-inner-masonry-sizer'><\/div><figure class='av-inner-masonry main_color'><div class=\"av-masonry-outerimage-container\"><div class=\"av-masonry-image-container\" ><img decoding=\"async\" width=\"705\" height=\"529\" class=\"wp-image-3729 avia-img-lazy-loading-not-3729\"  src=\"https:\/\/tex-tek.com\/wp-content\/uploads\/2021\/03\/hakkinda7-705x529.jpg\" title=\"hakkinda7\" alt=\"\" srcset=\"https:\/\/tex-tek.com\/wp-content\/uploads\/2021\/03\/hakkinda7-705x529.jpg 705w, https:\/\/tex-tek.com\/wp-content\/uploads\/2021\/03\/hakkinda7-300x225.jpg 300w, https:\/\/tex-tek.com\/wp-content\/uploads\/2021\/03\/hakkinda7-1030x773.jpg 1030w, https:\/\/tex-tek.com\/wp-content\/uploads\/2021\/03\/hakkinda7-768x576.jpg 768w, https:\/\/tex-tek.com\/wp-content\/uploads\/2021\/03\/hakkinda7.jpg 1200w\" sizes=\"(max-width: 705px) 100vw, 705px\" \/><\/div><\/div><figcaption class='av-inner-masonry-content site-background'><div class='av-inner-masonry-content-pos'><div class='av-inner-masonry-content-pos-content'><div class='avia-arrow'><\/div><div class='av-masonry-entry-content entry-content'  itemprop=\"text\" >Merkez Bina ve Fabrika - Tuzla \/ \u0130STANBUL<\/div><\/div><\/div><\/figcaption><\/figure><\/a><!--end av-masonry entry--><a href=\"https:\/\/tex-tek.com\/wp-content\/uploads\/2021\/03\/hakkinda1.jpg\"  aria-label=\"image hakkinda1\"  id='av-masonry-1-item-3733' data-av-masonry-item='3733' class='av-masonry-entry isotope-item post-3733 attachment type-attachment status-inherit hentry  av-masonry-item-with-image' title=\"hakkinda1\" alt=\"\"   itemprop=\"thumbnailUrl\" ><div class='av-inner-masonry-sizer'><\/div><figure class='av-inner-masonry main_color'><div class=\"av-masonry-outerimage-container\"><div class=\"av-masonry-image-container\" ><img decoding=\"async\" width=\"260\" height=\"210\" class=\"wp-image-3733 avia-img-lazy-loading-not-3733\"  src=\"https:\/\/tex-tek.com\/wp-content\/uploads\/2021\/03\/hakkinda1.jpg\" title=\"hakkinda1\" alt=\"\" \/><\/div><\/div><figcaption class='av-inner-masonry-content site-background'><div class='av-inner-masonry-content-pos'><div class='av-inner-masonry-content-pos-content'><div class='avia-arrow'><\/div><div class='av-masonry-entry-content entry-content'  itemprop=\"text\" >Laboratuar<\/div><\/div><\/div><\/figcaption><\/figure><\/a><!--end av-masonry entry--><a href=\"https:\/\/tex-tek.com\/wp-content\/uploads\/2021\/03\/hakkinda8-1030x579.jpg\"  aria-label=\"image hakkinda8\"  id='av-masonry-1-item-3730' data-av-masonry-item='3730' class='av-masonry-entry isotope-item post-3730 attachment type-attachment status-inherit hentry  av-masonry-item-with-image' title=\"hakkinda8\" alt=\"\"   itemprop=\"thumbnailUrl\" ><div class='av-inner-masonry-sizer'><\/div><figure class='av-inner-masonry main_color'><div class=\"av-masonry-outerimage-container\"><div class=\"av-masonry-image-container\" ><img decoding=\"async\" width=\"705\" height=\"396\" class=\"wp-image-3730 avia-img-lazy-loading-not-3730\"  src=\"https:\/\/tex-tek.com\/wp-content\/uploads\/2021\/03\/hakkinda8-705x396.jpg\" title=\"hakkinda8\" alt=\"\" srcset=\"https:\/\/tex-tek.com\/wp-content\/uploads\/2021\/03\/hakkinda8-705x396.jpg 705w, https:\/\/tex-tek.com\/wp-content\/uploads\/2021\/03\/hakkinda8-300x169.jpg 300w, https:\/\/tex-tek.com\/wp-content\/uploads\/2021\/03\/hakkinda8-1030x579.jpg 1030w, https:\/\/tex-tek.com\/wp-content\/uploads\/2021\/03\/hakkinda8-768x432.jpg 768w, https:\/\/tex-tek.com\/wp-content\/uploads\/2021\/03\/hakkinda8-1536x863.jpg 1536w, https:\/\/tex-tek.com\/wp-content\/uploads\/2021\/03\/hakkinda8-1500x843.jpg 1500w, https:\/\/tex-tek.com\/wp-content\/uploads\/2021\/03\/hakkinda8.jpg 1600w\" sizes=\"(max-width: 705px) 100vw, 705px\" \/><\/div><\/div><figcaption class='av-inner-masonry-content site-background'><div class='av-inner-masonry-content-pos'><div class='av-inner-masonry-content-pos-content'><div class='avia-arrow'><\/div><div class='av-masonry-entry-content entry-content'  itemprop=\"text\" >Merkez Bina ve Fabrika - Tuzla \/ \u0130STANBUL<\/div><\/div><\/div><\/figcaption><\/figure><\/a><!--end av-masonry entry--><a href=\"https:\/\/tex-tek.com\/wp-content\/uploads\/2021\/03\/hakkinda4.jpg\"  aria-label=\"image hakkinda4\"  id='av-masonry-1-item-3726' data-av-masonry-item='3726' class='av-masonry-entry isotope-item post-3726 attachment type-attachment status-inherit hentry  av-masonry-item-with-image' title=\"hakkinda4\" alt=\"\"   itemprop=\"thumbnailUrl\" ><div class='av-inner-masonry-sizer'><\/div><figure class='av-inner-masonry main_color'><div class=\"av-masonry-outerimage-container\"><div class=\"av-masonry-image-container\" ><img decoding=\"async\" width=\"400\" height=\"300\" class=\"wp-image-3726 avia-img-lazy-loading-not-3726\"  src=\"https:\/\/tex-tek.com\/wp-content\/uploads\/2021\/03\/hakkinda4.jpg\" title=\"hakkinda4\" alt=\"\" srcset=\"https:\/\/tex-tek.com\/wp-content\/uploads\/2021\/03\/hakkinda4.jpg 400w, https:\/\/tex-tek.com\/wp-content\/uploads\/2021\/03\/hakkinda4-300x225.jpg 300w\" sizes=\"(max-width: 400px) 100vw, 400px\" \/><\/div><\/div><figcaption class='av-inner-masonry-content site-background'><div class='av-inner-masonry-content-pos'><div class='av-inner-masonry-content-pos-content'><div class='avia-arrow'><\/div><div class='av-masonry-entry-content entry-content'  itemprop=\"text\" >Depolar<\/div><\/div><\/div><\/figcaption><\/figure><\/a><!--end av-masonry entry--><a href=\"https:\/\/tex-tek.com\/wp-content\/uploads\/2021\/03\/hakkinda5.jpg\"  aria-label=\"image hakkinda5\"  id='av-masonry-1-item-3727' data-av-masonry-item='3727' class='av-masonry-entry isotope-item post-3727 attachment type-attachment status-inherit hentry  av-masonry-item-with-image' title=\"hakkinda5\" alt=\"\"   itemprop=\"thumbnailUrl\" ><div class='av-inner-masonry-sizer'><\/div><figure class='av-inner-masonry main_color'><div class=\"av-masonry-outerimage-container\"><div class=\"av-masonry-image-container\" ><img decoding=\"async\" width=\"400\" height=\"300\" class=\"wp-image-3727 avia-img-lazy-loading-not-3727\"  src=\"https:\/\/tex-tek.com\/wp-content\/uploads\/2021\/03\/hakkinda5.jpg\" title=\"hakkinda5\" alt=\"\" srcset=\"https:\/\/tex-tek.com\/wp-content\/uploads\/2021\/03\/hakkinda5.jpg 400w, https:\/\/tex-tek.com\/wp-content\/uploads\/2021\/03\/hakkinda5-300x225.jpg 300w\" sizes=\"(max-width: 400px) 100vw, 400px\" \/><\/div><\/div><figcaption class='av-inner-masonry-content site-background'><div class='av-inner-masonry-content-pos'><div class='av-inner-masonry-content-pos-content'><div class='avia-arrow'><\/div><div class='av-masonry-entry-content entry-content'  itemprop=\"text\" >Depolar-2<\/div><\/div><\/div><\/figcaption><\/figure><\/a><!--end av-masonry entry--><a href=\"https:\/\/tex-tek.com\/wp-content\/uploads\/2021\/03\/hakkinda13-1030x404.jpg\"  aria-label=\"image hakkinda13\"  id='av-masonry-1-item-3731' data-av-masonry-item='3731' class='av-masonry-entry isotope-item post-3731 attachment type-attachment status-inherit hentry  av-masonry-item-with-image' title=\"hakkinda13\" alt=\"\"   itemprop=\"thumbnailUrl\" ><div class='av-inner-masonry-sizer'><\/div><figure class='av-inner-masonry main_color'><div class=\"av-masonry-outerimage-container\"><div class=\"av-masonry-image-container\" ><img decoding=\"async\" width=\"705\" height=\"276\" class=\"wp-image-3731 avia-img-lazy-loading-not-3731\"  src=\"https:\/\/tex-tek.com\/wp-content\/uploads\/2021\/03\/hakkinda13-705x276.jpg\" title=\"hakkinda13\" alt=\"\" srcset=\"https:\/\/tex-tek.com\/wp-content\/uploads\/2021\/03\/hakkinda13-705x276.jpg 705w, https:\/\/tex-tek.com\/wp-content\/uploads\/2021\/03\/hakkinda13-300x118.jpg 300w, https:\/\/tex-tek.com\/wp-content\/uploads\/2021\/03\/hakkinda13-1030x404.jpg 1030w, https:\/\/tex-tek.com\/wp-content\/uploads\/2021\/03\/hakkinda13-768x301.jpg 768w, https:\/\/tex-tek.com\/wp-content\/uploads\/2021\/03\/hakkinda13-1536x602.jpg 1536w, https:\/\/tex-tek.com\/wp-content\/uploads\/2021\/03\/hakkinda13-1500x588.jpg 1500w, https:\/\/tex-tek.com\/wp-content\/uploads\/2021\/03\/hakkinda13.jpg 1600w\" sizes=\"(max-width: 705px) 100vw, 705px\" \/><\/div><\/div><figcaption class='av-inner-masonry-content site-background'><div class='av-inner-masonry-content-pos'><div class='av-inner-masonry-content-pos-content'><div class='avia-arrow'><\/div><div class='av-masonry-entry-content entry-content'  itemprop=\"text\" >Merkez Bina'n\u0131n bulundu\u011fu \u0130stanbul Deri OSB<\/div><\/div><\/div><\/figcaption><\/figure><\/a><!--end av-masonry entry--><\/div><\/div><\/div>\n<\/div><\/div><\/div><!-- close content main div --><\/div><div class='av-extra-border-element border-extra-diagonal  '><div class='av-extra-border-outer'><div class='av-extra-border-inner'  style='background-color:#ffffff;' ><\/div><\/div><\/div><\/div><div id='after_section_2'  class='main_color av_default_container_wrap container_wrap sidebar_right' style=' '  ><div class='container' ><div class='template-page content  av-content-small alpha units'><div class='post-entry post-entry-type-page post-entry-3709'><div class='entry-content-wrapper clearfix'><\/p>\n","protected":false},"excerpt":{"rendered":"","protected":false},"author":1,"featured_media":0,"parent":0,"menu_order":0,"comment_status":"closed","ping_status":"closed","template":"","meta":{"footnotes":""},"class_list":["post-3709","page","type-page","status-publish","hentry"],"_links":{"self":[{"href":"https:\/\/tex-tek.com\/index.php?rest_route=\/wp\/v2\/pages\/3709","targetHints":{"allow":["GET"]}}],"collection":[{"href":"https:\/\/tex-tek.com\/index.php?rest_route=\/wp\/v2\/pages"}],"about":[{"href":"https:\/\/tex-tek.com\/index.php?rest_route=\/wp\/v2\/types\/page"}],"author":[{"embeddable":true,"href":"https:\/\/tex-tek.com\/index.php?rest_route=\/wp\/v2\/users\/1"}],"replies":[{"embeddable":true,"href":"https:\/\/tex-tek.com\/index.php?rest_route=%2Fwp%2Fv2%2Fcomments&post=3709"}],"version-history":[{"count":21,"href":"https:\/\/tex-tek.com\/index.php?rest_route=\/wp\/v2\/pages\/3709\/revisions"}],"predecessor-version":[{"id":4483,"href":"https:\/\/tex-tek.com\/index.php?rest_route=\/wp\/v2\/pages\/3709\/revisions\/4483"}],"wp:attachment":[{"href":"https:\/\/tex-tek.com\/index.php?rest_route=%2Fwp%2Fv2%2Fmedia&parent=3709"}],"curies":[{"name":"wp","href":"https:\/\/api.w.org\/{rel}","templated":true}]}}