{"id":3686,"date":"2021-03-17T19:30:53","date_gmt":"2021-03-17T16:30:53","guid":{"rendered":"https:\/\/www.tekaykimya.com.tr\/home\/?page_id=3686"},"modified":"2023-12-05T12:57:55","modified_gmt":"2023-12-05T09:57:55","slug":"videolar","status":"publish","type":"page","link":"https:\/\/tex-tek.com\/?page_id=3686","title":{"rendered":"V\u0130DEOLAR"},"content":{"rendered":"<div id='av_section_1'  class='avia-section main_color avia-section-small avia-no-border-styling  avia-bg-style-scroll  avia-builder-el-0  avia-builder-el-no-sibling   container_wrap sidebar_right' style='background-color: #ffffff;  '  ><div class='container' ><main  role=\"main\" itemprop=\"mainContentOfPage\"  class='template-page content  av-content-small alpha units'><div class='post-entry post-entry-type-page post-entry-3686'><div class='entry-content-wrapper clearfix'>\n<div class=\"flex_column av_one_third  av-animated-generic left-to-right  flex_column_div av-zero-column-padding first  avia-builder-el-1  el_before_av_one_third  avia-builder-el-first  \" style='border-radius:0px; '><p><div  style='padding-bottom:10px; ' class='av-special-heading av-special-heading-h3    avia-builder-el-2  el_before_av_video  avia-builder-el-first  '><h3 class='av-special-heading-tag '  itemprop=\"headline\"  >Rop\u00f6rtaj<\/h3><div class='special-heading-border'><div class='special-heading-inner-border' ><\/div><\/div><\/div><br \/>\n<div  class='avia-video avia-video-16-9   av-lazyload-immediate  av-lazyload-video-embed  '   itemprop=\"video\" itemtype=\"https:\/\/schema.org\/VideoObject\"  data-original_url='https:\/\/youtu.be\/UsyltkITCEg?si=1qh6YXrHDV2nma-d' ><script type='text\/html' class='av-video-tmpl'><div class='avia-iframe-wrap'><iframe loading=\"lazy\" title=\"TEKAY K\u0130MYA KURUCUSU \u00d6MER \u00dcNSAL NASIL BA\u015eARDI?- &quot;Her \u015eeyim var ama Hi\u00e7bir \u015eeyim Yok&quot;\" width=\"1500\" height=\"844\" src=\"https:\/\/www.youtube.com\/embed\/UsyltkITCEg?feature=oembed&autoplay=0&loop=0&controls=1&mute=0\" frameborder=\"0\" allow=\"accelerometer; autoplay; clipboard-write; encrypted-media; gyroscope; picture-in-picture; web-share\" allowfullscreen><\/iframe><\/div><\/script><div class='av-click-to-play-overlay'><div class=\"avia_playpause_icon\"><\/div><\/div><\/div><\/p><\/div><div class=\"flex_column av_one_third  av-animated-generic left-to-right  flex_column_div av-zero-column-padding   avia-builder-el-4  el_after_av_one_third  el_before_av_one_third  \" style='border-radius:0px; '><p><div  style='padding-bottom:10px; ' class='av-special-heading av-special-heading-h3    avia-builder-el-5  el_before_av_video  avia-builder-el-first  '><h3 class='av-special-heading-tag '  itemprop=\"headline\"  >Tekay Kimya Tan\u0131t\u0131m &#8211; 2019<\/h3><div class='special-heading-border'><div class='special-heading-inner-border' ><\/div><\/div><\/div><br \/>\n<div  class='avia-video avia-video-16-9   av-lazyload-immediate  av-lazyload-video-embed  '   itemprop=\"video\" itemtype=\"https:\/\/schema.org\/VideoObject\"  data-original_url='https:\/\/www.youtube.com\/watch?v=LHpJVX6J9i8' ><script type='text\/html' class='av-video-tmpl'><div class='avia-iframe-wrap'><iframe loading=\"lazy\" title=\"Tekay Kimya Tan\u0131t\u0131m - 2019\" width=\"1500\" height=\"844\" src=\"https:\/\/www.youtube.com\/embed\/LHpJVX6J9i8?feature=oembed&autoplay=0&loop=0&controls=1&mute=0\" frameborder=\"0\" allow=\"accelerometer; autoplay; clipboard-write; encrypted-media; gyroscope; picture-in-picture\" allowfullscreen><\/iframe><\/div><\/script><div class='av-click-to-play-overlay'><div class=\"avia_playpause_icon\"><\/div><\/div><\/div><\/p><\/div><div class=\"flex_column av_one_third  av-animated-generic left-to-right  flex_column_div av-zero-column-padding   avia-builder-el-7  el_after_av_one_third  avia-builder-el-last  \" style='border-radius:0px; '><p><div  style='padding-bottom:10px; ' class='av-special-heading av-special-heading-h3    avia-builder-el-8  el_before_av_video  avia-builder-el-first  '><h3 class='av-special-heading-tag '  itemprop=\"headline\"  >Rop\u00f6rtaj<\/h3><div class='special-heading-border'><div class='special-heading-inner-border' ><\/div><\/div><\/div><br \/>\n<div  class='avia-video avia-video-16-9   av-lazyload-immediate  av-lazyload-video-embed  '   itemprop=\"video\" itemtype=\"https:\/\/schema.org\/VideoObject\"  data-original_url='https:\/\/www.youtube.com\/watch?v=Z-VhSPk4LCk' ><script type='text\/html' class='av-video-tmpl'><div class='avia-iframe-wrap'><iframe loading=\"lazy\" title=\"Interdye &amp; Printing Eurasia 2014 Fuar Rop\u00f6rtajlar\u0131 \u2013 Tekay Kimya\" width=\"1500\" height=\"844\" src=\"https:\/\/www.youtube.com\/embed\/Z-VhSPk4LCk?feature=oembed&autoplay=0&loop=0&controls=1&mute=0\" frameborder=\"0\" allow=\"accelerometer; autoplay; clipboard-write; encrypted-media; gyroscope; picture-in-picture\" allowfullscreen><\/iframe><\/div><\/script><div class='av-click-to-play-overlay'><div class=\"avia_playpause_icon\"><\/div><\/div><\/div><br \/>\n<section class=\"av_textblock_section \"  itemscope=\"itemscope\" itemtype=\"https:\/\/schema.org\/CreativeWork\" ><div class='avia_textblock  '   itemprop=\"text\" ><p>Tekay Grup Y\u00f6netim Kurulu Ba\u015fkan\u0131 \u00d6mer \u00dcNSAL ile Rop\u00f6rtaj<\/p>\n<p>2. Tekstil Boyalar\u0131, Bask\u0131 M\u00fcrekkepleri, Kimyasallar, Bask\u0131 ve Boyama Teknolojileri Fuar\u0131: Interdye &#038; Printing Eurasia, 5-7 Haziran 2014<\/p>\n<p><em>Kaynak: Artkim Group, 20 A\u011fustos 2014<\/em><\/p>\n<\/div><\/section><\/p><\/div><\/div><\/div><\/main><!-- close content main element --><\/div><\/div><div id='after_section_1'  class='main_color av_default_container_wrap container_wrap sidebar_right' style=' '  ><div class='container' ><div class='template-page content  av-content-small alpha units'><div class='post-entry post-entry-type-page post-entry-3686'><div class='entry-content-wrapper clearfix'>\n","protected":false},"excerpt":{"rendered":"","protected":false},"author":1,"featured_media":0,"parent":0,"menu_order":0,"comment_status":"closed","ping_status":"closed","template":"","meta":{"footnotes":""},"class_list":["post-3686","page","type-page","status-publish","hentry"],"_links":{"self":[{"href":"https:\/\/tex-tek.com\/index.php?rest_route=\/wp\/v2\/pages\/3686","targetHints":{"allow":["GET"]}}],"collection":[{"href":"https:\/\/tex-tek.com\/index.php?rest_route=\/wp\/v2\/pages"}],"about":[{"href":"https:\/\/tex-tek.com\/index.php?rest_route=\/wp\/v2\/types\/page"}],"author":[{"embeddable":true,"href":"https:\/\/tex-tek.com\/index.php?rest_route=\/wp\/v2\/users\/1"}],"replies":[{"embeddable":true,"href":"https:\/\/tex-tek.com\/index.php?rest_route=%2Fwp%2Fv2%2Fcomments&post=3686"}],"version-history":[{"count":25,"href":"https:\/\/tex-tek.com\/index.php?rest_route=\/wp\/v2\/pages\/3686\/revisions"}],"predecessor-version":[{"id":4629,"href":"https:\/\/tex-tek.com\/index.php?rest_route=\/wp\/v2\/pages\/3686\/revisions\/4629"}],"wp:attachment":[{"href":"https:\/\/tex-tek.com\/index.php?rest_route=%2Fwp%2Fv2%2Fmedia&parent=3686"}],"curies":[{"name":"wp","href":"https:\/\/api.w.org\/{rel}","templated":true}]}}