{"id":3665,"date":"2021-03-17T18:47:20","date_gmt":"2021-03-17T15:47:20","guid":{"rendered":"https:\/\/www.tekaykimya.com.tr\/home\/?page_id=3665"},"modified":"2021-12-07T16:23:42","modified_gmt":"2021-12-07T13:23:42","slug":"haberler","status":"publish","type":"page","link":"https:\/\/tex-tek.com\/?page_id=3665","title":{"rendered":"HABERLER"},"content":{"rendered":"<div id='av_section_1'  class='avia-section main_color avia-section-small avia-no-border-styling  avia-bg-style-scroll  avia-builder-el-0  avia-builder-el-no-sibling   container_wrap sidebar_right' style=' '  ><div class='container' ><main  role=\"main\" itemprop=\"mainContentOfPage\"  class='template-page content  av-content-small alpha units'><div class='post-entry post-entry-type-page post-entry-3665'><div class='entry-content-wrapper clearfix'>\n<div class=\"flex_column av_one_full  flex_column_div av-zero-column-padding first  avia-builder-el-1  avia-builder-el-no-sibling  \" style='border-radius:0px; '><div   data-autoplay=''  data-interval='5'  data-animation='fade'  data-show_slide_delay='90'  class='avia-content-slider avia-content-grid-active avia-content-slider1 avia-content-slider-odd  avia-builder-el-2  avia-builder-el-no-sibling  '  itemscope=\"itemscope\" itemtype=\"https:\/\/schema.org\/Blog\" ><div class='avia-content-slider-inner'><div class='slide-entry-wrap'><article class='slide-entry flex_column  post-entry post-entry-4735 slide-entry-overview slide-loop-1 slide-parity-odd  av_one_fifth first real-thumbnail post-format-standard'  itemscope=\"itemscope\" itemtype=\"https:\/\/schema.org\/CreativeWork\" ><a href='https:\/\/tex-tek.com\/?p=4735' data-rel='slide-1' class='slide-image' title='Haziran ay\u0131 Tekstil Teknik Dergisinde Y\u00f6netim Kurulu Ba\u015fkan\u0131m\u0131z \u00d6mer \u00dcnsal&#8217;\u0131n r\u00f6portaj\u0131 yay\u0131nland\u0131..'><img decoding=\"async\" width=\"260\" height=\"185\" src=\"https:\/\/tex-tek.com\/wp-content\/uploads\/2025\/08\/omerunsal-260x185.jpg\" class=\"wp-image-4736 avia-img-lazy-loading-not-4736 attachment-portfolio_small size-portfolio_small wp-post-image\" alt=\"\" \/><\/a><div class='slide-content'><header class=\"entry-content-header\"><h3 class='slide-entry-title entry-title '  itemprop=\"headline\" ><a href='https:\/\/tex-tek.com\/?p=4735' title='Haziran ay\u0131 Tekstil Teknik Dergisinde Y\u00f6netim Kurulu Ba\u015fkan\u0131m\u0131z \u00d6mer \u00dcnsal&#8217;\u0131n r\u00f6portaj\u0131 yay\u0131nland\u0131..'>Haziran ay\u0131 Tekstil Teknik Dergisinde Y\u00f6netim Kurulu Ba\u015fkan\u0131m\u0131z \u00d6mer \u00dcnsal&#8217;\u0131n r\u00f6portaj\u0131 yay\u0131nland\u0131..<\/a><\/h3><span class=\"av-vertical-delimiter\"><\/span><\/header><\/div><footer class=\"entry-footer\"><\/footer><span class='hidden'>\n\t\t\t\t<span class='av-structured-data'  itemprop=\"image\" itemscope=\"itemscope\" itemtype=\"https:\/\/schema.org\/ImageObject\" >\n\t\t\t\t\t\t<span itemprop='url'>https:\/\/tex-tek.com\/wp-content\/uploads\/2025\/08\/omerunsal.jpg<\/span>\n\t\t\t\t\t\t<span itemprop='height'>375<\/span>\n\t\t\t\t\t\t<span itemprop='width'>555<\/span>\n\t\t\t\t<\/span>\n\t\t\t\t<span class='av-structured-data'  itemprop=\"publisher\" itemtype=\"https:\/\/schema.org\/Organization\" itemscope=\"itemscope\" >\n\t\t\t\t\t\t<span itemprop='name'>tekay<\/span>\n\t\t\t\t\t\t<span itemprop='logo' itemscope itemtype='https:\/\/schema.org\/ImageObject'>\n\t\t\t\t\t\t\t<span itemprop='url'>https:\/\/tex-tek.com\/wp-content\/uploads\/2021\/08\/textek_logo_tr.png<\/span>\n\t\t\t\t\t\t <\/span>\n\t\t\t\t<\/span><span class='av-structured-data'  itemprop=\"author\" itemscope=\"itemscope\" itemtype=\"https:\/\/schema.org\/Person\" ><span itemprop='name'>tekay<\/span><\/span><span class='av-structured-data'  itemprop=\"datePublished\" datetime=\"2021-03-17T18:47:20+03:00\" >2025-08-04 13:27:36<\/span><span class='av-structured-data'  itemprop=\"dateModified\" itemtype=\"https:\/\/schema.org\/dateModified\" >2025-08-04 13:29:36<\/span><span class='av-structured-data'  itemprop=\"mainEntityOfPage\" itemtype=\"https:\/\/schema.org\/mainEntityOfPage\" ><span itemprop='name'>Haziran ay\u0131 Tekstil Teknik Dergisinde Y\u00f6netim Kurulu Ba\u015fkan\u0131m\u0131z \u00d6mer \u00dcnsal&#8217;\u0131n r\u00f6portaj\u0131 yay\u0131nland\u0131..<\/span><\/span><\/span><\/article><article class='slide-entry flex_column  post-entry post-entry-4635 slide-entry-overview slide-loop-2 slide-parity-even  av_one_fifth  real-thumbnail post-format-standard'  itemscope=\"itemscope\" itemtype=\"https:\/\/schema.org\/CreativeWork\" ><a href='https:\/\/tex-tek.com\/?p=4635' data-rel='slide-1' class='slide-image' title='Zschimmer &amp; Schwarz yetkilileri ile birlikte Lila Ka\u011f\u0131t \u0130plik Boyama Tesisine teknik bir ziyaret ger\u00e7ekle\u015ftirdik'><img decoding=\"async\" width=\"260\" height=\"185\" src=\"https:\/\/tex-tek.com\/wp-content\/uploads\/2024\/09\/t-260x185.jpg\" class=\"wp-image-4636 avia-img-lazy-loading-not-4636 attachment-portfolio_small size-portfolio_small wp-post-image\" alt=\"\" \/><\/a><div class='slide-content'><header class=\"entry-content-header\"><h3 class='slide-entry-title entry-title '  itemprop=\"headline\" ><a href='https:\/\/tex-tek.com\/?p=4635' title='Zschimmer &amp; Schwarz yetkilileri ile birlikte Lila Ka\u011f\u0131t \u0130plik Boyama Tesisine teknik bir ziyaret ger\u00e7ekle\u015ftirdik'>Zschimmer &amp; Schwarz yetkilileri ile birlikte Lila Ka\u011f\u0131t \u0130plik Boyama Tesisine teknik bir ziyaret ger\u00e7ekle\u015ftirdik<\/a><\/h3><span class=\"av-vertical-delimiter\"><\/span><\/header><\/div><footer class=\"entry-footer\"><\/footer><span class='hidden'>\n\t\t\t\t<span class='av-structured-data'  itemprop=\"image\" itemscope=\"itemscope\" itemtype=\"https:\/\/schema.org\/ImageObject\" >\n\t\t\t\t\t\t<span itemprop='url'>https:\/\/tex-tek.com\/wp-content\/uploads\/2024\/09\/t.jpg<\/span>\n\t\t\t\t\t\t<span itemprop='height'>512<\/span>\n\t\t\t\t\t\t<span itemprop='width'>800<\/span>\n\t\t\t\t<\/span>\n\t\t\t\t<span class='av-structured-data'  itemprop=\"publisher\" itemtype=\"https:\/\/schema.org\/Organization\" itemscope=\"itemscope\" >\n\t\t\t\t\t\t<span itemprop='name'>tekay<\/span>\n\t\t\t\t\t\t<span itemprop='logo' itemscope itemtype='https:\/\/schema.org\/ImageObject'>\n\t\t\t\t\t\t\t<span itemprop='url'>https:\/\/tex-tek.com\/wp-content\/uploads\/2021\/08\/textek_logo_tr.png<\/span>\n\t\t\t\t\t\t <\/span>\n\t\t\t\t<\/span><span class='av-structured-data'  itemprop=\"author\" itemscope=\"itemscope\" itemtype=\"https:\/\/schema.org\/Person\" ><span itemprop='name'>tekay<\/span><\/span><span class='av-structured-data'  itemprop=\"datePublished\" datetime=\"2021-03-17T18:47:20+03:00\" >2024-09-10 09:45:16<\/span><span class='av-structured-data'  itemprop=\"dateModified\" itemtype=\"https:\/\/schema.org\/dateModified\" >2025-08-04 13:30:42<\/span><span class='av-structured-data'  itemprop=\"mainEntityOfPage\" itemtype=\"https:\/\/schema.org\/mainEntityOfPage\" ><span itemprop='name'>Zschimmer &amp; Schwarz yetkilileri ile birlikte Lila Ka\u011f\u0131t \u0130plik Boyama Tesisine teknik bir ziyaret ger\u00e7ekle\u015ftirdik<\/span><\/span><\/span><\/article><article class='slide-entry flex_column  post-entry post-entry-4632 slide-entry-overview slide-loop-3 slide-parity-odd  av_one_fifth  real-thumbnail post-format-standard'  itemscope=\"itemscope\" itemtype=\"https:\/\/schema.org\/CreativeWork\" ><a href='https:\/\/tex-tek.com\/?p=4632' data-rel='slide-1' class='slide-image' title='OSB\u00dcK Y\u00f6netiminde yer alan Y\u00f6netim Kurulu Ba\u015fkan\u0131m\u0131z \u00d6mer \u00dcnsal da yer ald\u0131'><img decoding=\"async\" width=\"260\" height=\"185\" src=\"https:\/\/tex-tek.com\/wp-content\/uploads\/2024\/09\/teka-260x185.jpg\" class=\"wp-image-4634 avia-img-lazy-loading-not-4634 attachment-portfolio_small size-portfolio_small wp-post-image\" alt=\"\" \/><\/a><div class='slide-content'><header class=\"entry-content-header\"><h3 class='slide-entry-title entry-title '  itemprop=\"headline\" ><a href='https:\/\/tex-tek.com\/?p=4632' title='OSB\u00dcK Y\u00f6netiminde yer alan Y\u00f6netim Kurulu Ba\u015fkan\u0131m\u0131z \u00d6mer \u00dcnsal da yer ald\u0131'>OSB\u00dcK Y\u00f6netiminde yer alan Y\u00f6netim Kurulu Ba\u015fkan\u0131m\u0131z \u00d6mer \u00dcnsal da yer ald\u0131<\/a><\/h3><span class=\"av-vertical-delimiter\"><\/span><\/header><\/div><footer class=\"entry-footer\"><\/footer><span class='hidden'>\n\t\t\t\t<span class='av-structured-data'  itemprop=\"image\" itemscope=\"itemscope\" itemtype=\"https:\/\/schema.org\/ImageObject\" >\n\t\t\t\t\t\t<span itemprop='url'>https:\/\/tex-tek.com\/wp-content\/uploads\/2024\/09\/teka.jpg<\/span>\n\t\t\t\t\t\t<span itemprop='height'>512<\/span>\n\t\t\t\t\t\t<span itemprop='width'>800<\/span>\n\t\t\t\t<\/span>\n\t\t\t\t<span class='av-structured-data'  itemprop=\"publisher\" itemtype=\"https:\/\/schema.org\/Organization\" itemscope=\"itemscope\" >\n\t\t\t\t\t\t<span itemprop='name'>tekay<\/span>\n\t\t\t\t\t\t<span itemprop='logo' itemscope itemtype='https:\/\/schema.org\/ImageObject'>\n\t\t\t\t\t\t\t<span itemprop='url'>https:\/\/tex-tek.com\/wp-content\/uploads\/2021\/08\/textek_logo_tr.png<\/span>\n\t\t\t\t\t\t <\/span>\n\t\t\t\t<\/span><span class='av-structured-data'  itemprop=\"author\" itemscope=\"itemscope\" itemtype=\"https:\/\/schema.org\/Person\" ><span itemprop='name'>tekay<\/span><\/span><span class='av-structured-data'  itemprop=\"datePublished\" datetime=\"2021-03-17T18:47:20+03:00\" >2024-09-10 09:18:52<\/span><span class='av-structured-data'  itemprop=\"dateModified\" itemtype=\"https:\/\/schema.org\/dateModified\" >2025-08-04 13:29:37<\/span><span class='av-structured-data'  itemprop=\"mainEntityOfPage\" itemtype=\"https:\/\/schema.org\/mainEntityOfPage\" ><span itemprop='name'>OSB\u00dcK Y\u00f6netiminde yer alan Y\u00f6netim Kurulu Ba\u015fkan\u0131m\u0131z \u00d6mer \u00dcnsal da yer ald\u0131<\/span><\/span><\/span><\/article><article class='slide-entry flex_column  post-entry post-entry-4623 slide-entry-overview slide-loop-4 slide-parity-even  av_one_fifth  real-thumbnail post-format-standard'  itemscope=\"itemscope\" itemtype=\"https:\/\/schema.org\/CreativeWork\" ><a href='https:\/\/tex-tek.com\/?p=4623' data-rel='slide-1' class='slide-image' title='Genel M\u00fcd\u00fcr\u00fcm\u00fcz Kayhan \u00dcnsal Nas\u0131l Bir Ekonomi Gazetesine r\u00f6portaj vererek \u015firketlerimiz ve sekt\u00f6r hakk\u0131nda de\u011ferlendirmelerde bulundu..'><img decoding=\"async\" width=\"260\" height=\"185\" src=\"https:\/\/tex-tek.com\/wp-content\/uploads\/2023\/05\/tekstil-260x185.jpg\" class=\"wp-image-4624 avia-img-lazy-loading-not-4624 attachment-portfolio_small size-portfolio_small wp-post-image\" alt=\"\" \/><\/a><div class='slide-content'><header class=\"entry-content-header\"><h3 class='slide-entry-title entry-title '  itemprop=\"headline\" ><a href='https:\/\/tex-tek.com\/?p=4623' title='Genel M\u00fcd\u00fcr\u00fcm\u00fcz Kayhan \u00dcnsal Nas\u0131l Bir Ekonomi Gazetesine r\u00f6portaj vererek \u015firketlerimiz ve sekt\u00f6r hakk\u0131nda de\u011ferlendirmelerde bulundu..'>Genel M\u00fcd\u00fcr\u00fcm\u00fcz Kayhan \u00dcnsal Nas\u0131l Bir Ekonomi Gazetesine r\u00f6portaj vererek \u015firketlerimiz ve sekt\u00f6r hakk\u0131nda de\u011ferlendirmelerde bulundu..<\/a><\/h3><span class=\"av-vertical-delimiter\"><\/span><\/header><\/div><footer class=\"entry-footer\"><\/footer><span class='hidden'>\n\t\t\t\t<span class='av-structured-data'  itemprop=\"image\" itemscope=\"itemscope\" itemtype=\"https:\/\/schema.org\/ImageObject\" >\n\t\t\t\t\t\t<span itemprop='url'>https:\/\/tex-tek.com\/wp-content\/uploads\/2023\/05\/tekstil.jpg<\/span>\n\t\t\t\t\t\t<span itemprop='height'>283<\/span>\n\t\t\t\t\t\t<span itemprop='width'>600<\/span>\n\t\t\t\t<\/span>\n\t\t\t\t<span class='av-structured-data'  itemprop=\"publisher\" itemtype=\"https:\/\/schema.org\/Organization\" itemscope=\"itemscope\" >\n\t\t\t\t\t\t<span itemprop='name'>tekay<\/span>\n\t\t\t\t\t\t<span itemprop='logo' itemscope itemtype='https:\/\/schema.org\/ImageObject'>\n\t\t\t\t\t\t\t<span itemprop='url'>https:\/\/tex-tek.com\/wp-content\/uploads\/2021\/08\/textek_logo_tr.png<\/span>\n\t\t\t\t\t\t <\/span>\n\t\t\t\t<\/span><span class='av-structured-data'  itemprop=\"author\" itemscope=\"itemscope\" itemtype=\"https:\/\/schema.org\/Person\" ><span itemprop='name'>tekay<\/span><\/span><span class='av-structured-data'  itemprop=\"datePublished\" datetime=\"2021-03-17T18:47:20+03:00\" >2023-05-02 13:19:35<\/span><span class='av-structured-data'  itemprop=\"dateModified\" itemtype=\"https:\/\/schema.org\/dateModified\" >2025-08-04 13:29:37<\/span><span class='av-structured-data'  itemprop=\"mainEntityOfPage\" itemtype=\"https:\/\/schema.org\/mainEntityOfPage\" ><span itemprop='name'>Genel M\u00fcd\u00fcr\u00fcm\u00fcz Kayhan \u00dcnsal Nas\u0131l Bir Ekonomi Gazetesine r\u00f6portaj vererek \u015firketlerimiz ve sekt\u00f6r hakk\u0131nda de\u011ferlendirmelerde bulundu..<\/span><\/span><\/span><\/article><article class='slide-entry flex_column  post-entry post-entry-4193 slide-entry-overview slide-loop-5 slide-parity-odd  av_one_fifth  real-thumbnail post-format-standard'  itemscope=\"itemscope\" itemtype=\"https:\/\/schema.org\/CreativeWork\" ><a href='https:\/\/tex-tek.com\/?p=4193' data-rel='slide-1' class='slide-image' title='Bursa Serbest B\u00f6lge \u015eubemiz Hizmete Girmi\u015ftir'><img decoding=\"async\" width=\"260\" height=\"185\" src=\"https:\/\/tex-tek.com\/wp-content\/uploads\/2021\/05\/tekay-bina-260x185.jpg\" class=\"wp-image-4196 avia-img-lazy-loading-not-4196 attachment-portfolio_small size-portfolio_small wp-post-image\" alt=\"\" \/><\/a><div class='slide-content'><header class=\"entry-content-header\"><h3 class='slide-entry-title entry-title '  itemprop=\"headline\" ><a href='https:\/\/tex-tek.com\/?p=4193' title='Bursa Serbest B\u00f6lge \u015eubemiz Hizmete Girmi\u015ftir'>Bursa Serbest B\u00f6lge \u015eubemiz Hizmete Girmi\u015ftir<\/a><\/h3><span class=\"av-vertical-delimiter\"><\/span><\/header><\/div><footer class=\"entry-footer\"><\/footer><span class='hidden'>\n\t\t\t\t<span class='av-structured-data'  itemprop=\"image\" itemscope=\"itemscope\" itemtype=\"https:\/\/schema.org\/ImageObject\" >\n\t\t\t\t\t\t<span itemprop='url'>https:\/\/tex-tek.com\/wp-content\/uploads\/2021\/05\/tekay-bina.jpg<\/span>\n\t\t\t\t\t\t<span itemprop='height'>390<\/span>\n\t\t\t\t\t\t<span itemprop='width'>610<\/span>\n\t\t\t\t<\/span>\n\t\t\t\t<span class='av-structured-data'  itemprop=\"publisher\" itemtype=\"https:\/\/schema.org\/Organization\" itemscope=\"itemscope\" >\n\t\t\t\t\t\t<span itemprop='name'>tekay<\/span>\n\t\t\t\t\t\t<span itemprop='logo' itemscope itemtype='https:\/\/schema.org\/ImageObject'>\n\t\t\t\t\t\t\t<span itemprop='url'>https:\/\/tex-tek.com\/wp-content\/uploads\/2021\/08\/textek_logo_tr.png<\/span>\n\t\t\t\t\t\t <\/span>\n\t\t\t\t<\/span><span class='av-structured-data'  itemprop=\"author\" itemscope=\"itemscope\" itemtype=\"https:\/\/schema.org\/Person\" ><span itemprop='name'>tekay<\/span><\/span><span class='av-structured-data'  itemprop=\"datePublished\" datetime=\"2021-03-17T18:47:20+03:00\" >2021-05-04 15:03:44<\/span><span class='av-structured-data'  itemprop=\"dateModified\" itemtype=\"https:\/\/schema.org\/dateModified\" >2025-08-04 13:29:37<\/span><span class='av-structured-data'  itemprop=\"mainEntityOfPage\" itemtype=\"https:\/\/schema.org\/mainEntityOfPage\" ><span itemprop='name'>Bursa Serbest B\u00f6lge \u015eubemiz Hizmete Girmi\u015ftir<\/span><\/span><\/span><\/article><\/div><div class='slide-entry-wrap'><article class='slide-entry flex_column  post-entry post-entry-3491 slide-entry-overview slide-loop-6 slide-parity-odd  av_one_fifth first real-thumbnail post-format-standard'  itemscope=\"itemscope\" itemtype=\"https:\/\/schema.org\/CreativeWork\" ><a href='https:\/\/tex-tek.com\/?p=3491' data-rel='slide-1' class='slide-image' title='Sel\u00fcloz Elyaflar\u0131n Kasar Ve Boyanmas\u0131 Hakk\u0131nda Genel Bilgi'><img decoding=\"async\" width=\"260\" height=\"185\" src=\"https:\/\/tex-tek.com\/wp-content\/uploads\/2021\/02\/seliloz-260x185.jpg\" class=\"wp-image-3492 avia-img-lazy-loading-not-3492 attachment-portfolio_small size-portfolio_small wp-post-image\" alt=\"\" \/><\/a><div class='slide-content'><header class=\"entry-content-header\"><h3 class='slide-entry-title entry-title '  itemprop=\"headline\" ><a href='https:\/\/tex-tek.com\/?p=3491' title='Sel\u00fcloz Elyaflar\u0131n Kasar Ve Boyanmas\u0131 Hakk\u0131nda Genel Bilgi'>Sel\u00fcloz Elyaflar\u0131n Kasar Ve Boyanmas\u0131 Hakk\u0131nda Genel Bilgi<\/a><\/h3><span class=\"av-vertical-delimiter\"><\/span><\/header><\/div><footer class=\"entry-footer\"><\/footer><span class='hidden'>\n\t\t\t\t<span class='av-structured-data'  itemprop=\"image\" itemscope=\"itemscope\" itemtype=\"https:\/\/schema.org\/ImageObject\" >\n\t\t\t\t\t\t<span itemprop='url'>https:\/\/tex-tek.com\/wp-content\/uploads\/2021\/02\/seliloz.jpg<\/span>\n\t\t\t\t\t\t<span itemprop='height'>307<\/span>\n\t\t\t\t\t\t<span itemprop='width'>480<\/span>\n\t\t\t\t<\/span>\n\t\t\t\t<span class='av-structured-data'  itemprop=\"publisher\" itemtype=\"https:\/\/schema.org\/Organization\" itemscope=\"itemscope\" >\n\t\t\t\t\t\t<span itemprop='name'>tekay<\/span>\n\t\t\t\t\t\t<span itemprop='logo' itemscope itemtype='https:\/\/schema.org\/ImageObject'>\n\t\t\t\t\t\t\t<span itemprop='url'>https:\/\/tex-tek.com\/wp-content\/uploads\/2021\/08\/textek_logo_tr.png<\/span>\n\t\t\t\t\t\t <\/span>\n\t\t\t\t<\/span><span class='av-structured-data'  itemprop=\"author\" itemscope=\"itemscope\" itemtype=\"https:\/\/schema.org\/Person\" ><span itemprop='name'>tekay<\/span><\/span><span class='av-structured-data'  itemprop=\"datePublished\" datetime=\"2021-03-17T18:47:20+03:00\" >2021-02-22 17:11:48<\/span><span class='av-structured-data'  itemprop=\"dateModified\" itemtype=\"https:\/\/schema.org\/dateModified\" >2025-08-04 13:29:37<\/span><span class='av-structured-data'  itemprop=\"mainEntityOfPage\" itemtype=\"https:\/\/schema.org\/mainEntityOfPage\" ><span itemprop='name'>Sel\u00fcloz Elyaflar\u0131n Kasar Ve Boyanmas\u0131 Hakk\u0131nda Genel Bilgi<\/span><\/span><\/span><\/article><article class='slide-entry flex_column  post-entry post-entry-3488 slide-entry-overview slide-loop-7 slide-parity-even  av_one_fifth  real-thumbnail post-format-standard'  itemscope=\"itemscope\" itemtype=\"https:\/\/schema.org\/CreativeWork\" ><a href='https:\/\/tex-tek.com\/?p=3488' data-rel='slide-1' class='slide-image' title='Tekstil Terbiyeciler Tan\u0131t\u0131m Ata\u011f\u0131nda'><img decoding=\"async\" width=\"260\" height=\"185\" src=\"https:\/\/tex-tek.com\/wp-content\/uploads\/2021\/02\/tekstil-260x185.jpg\" class=\"wp-image-3489 avia-img-lazy-loading-not-3489 attachment-portfolio_small size-portfolio_small wp-post-image\" alt=\"\" \/><\/a><div class='slide-content'><header class=\"entry-content-header\"><h3 class='slide-entry-title entry-title '  itemprop=\"headline\" ><a href='https:\/\/tex-tek.com\/?p=3488' title='Tekstil Terbiyeciler Tan\u0131t\u0131m Ata\u011f\u0131nda'>Tekstil Terbiyeciler Tan\u0131t\u0131m Ata\u011f\u0131nda<\/a><\/h3><span class=\"av-vertical-delimiter\"><\/span><\/header><\/div><footer class=\"entry-footer\"><\/footer><span class='hidden'>\n\t\t\t\t<span class='av-structured-data'  itemprop=\"image\" itemscope=\"itemscope\" itemtype=\"https:\/\/schema.org\/ImageObject\" >\n\t\t\t\t\t\t<span itemprop='url'>https:\/\/tex-tek.com\/wp-content\/uploads\/2021\/02\/tekstil.jpg<\/span>\n\t\t\t\t\t\t<span itemprop='height'>307<\/span>\n\t\t\t\t\t\t<span itemprop='width'>480<\/span>\n\t\t\t\t<\/span>\n\t\t\t\t<span class='av-structured-data'  itemprop=\"publisher\" itemtype=\"https:\/\/schema.org\/Organization\" itemscope=\"itemscope\" >\n\t\t\t\t\t\t<span itemprop='name'>tekay<\/span>\n\t\t\t\t\t\t<span itemprop='logo' itemscope itemtype='https:\/\/schema.org\/ImageObject'>\n\t\t\t\t\t\t\t<span itemprop='url'>https:\/\/tex-tek.com\/wp-content\/uploads\/2021\/08\/textek_logo_tr.png<\/span>\n\t\t\t\t\t\t <\/span>\n\t\t\t\t<\/span><span class='av-structured-data'  itemprop=\"author\" itemscope=\"itemscope\" itemtype=\"https:\/\/schema.org\/Person\" ><span itemprop='name'>tekay<\/span><\/span><span class='av-structured-data'  itemprop=\"datePublished\" datetime=\"2021-03-17T18:47:20+03:00\" >2021-02-22 17:06:41<\/span><span class='av-structured-data'  itemprop=\"dateModified\" itemtype=\"https:\/\/schema.org\/dateModified\" >2025-08-04 13:29:37<\/span><span class='av-structured-data'  itemprop=\"mainEntityOfPage\" itemtype=\"https:\/\/schema.org\/mainEntityOfPage\" ><span itemprop='name'>Tekstil Terbiyeciler Tan\u0131t\u0131m Ata\u011f\u0131nda<\/span><\/span><\/span><\/article><article class='slide-entry flex_column  post-entry post-entry-3465 slide-entry-overview slide-loop-8 slide-parity-odd  av_one_fifth  real-thumbnail post-format-standard'  itemscope=\"itemscope\" itemtype=\"https:\/\/schema.org\/CreativeWork\" ><a href='https:\/\/tex-tek.com\/?p=3465' data-rel='slide-1' class='slide-image' title='Bursal\u0131 Sanayicilerle \u0130ftar Organizasyonlar\u0131nda Bulu\u015ftuk'><img decoding=\"async\" width=\"260\" height=\"185\" src=\"https:\/\/tex-tek.com\/wp-content\/uploads\/2021\/02\/bursa-260x185.jpg\" class=\"wp-image-3466 avia-img-lazy-loading-not-3466 attachment-portfolio_small size-portfolio_small wp-post-image\" alt=\"\" \/><\/a><div class='slide-content'><header class=\"entry-content-header\"><h3 class='slide-entry-title entry-title '  itemprop=\"headline\" ><a href='https:\/\/tex-tek.com\/?p=3465' title='Bursal\u0131 Sanayicilerle \u0130ftar Organizasyonlar\u0131nda Bulu\u015ftuk'>Bursal\u0131 Sanayicilerle \u0130ftar Organizasyonlar\u0131nda Bulu\u015ftuk<\/a><\/h3><span class=\"av-vertical-delimiter\"><\/span><\/header><\/div><footer class=\"entry-footer\"><\/footer><span class='hidden'>\n\t\t\t\t<span class='av-structured-data'  itemprop=\"image\" itemscope=\"itemscope\" itemtype=\"https:\/\/schema.org\/ImageObject\" >\n\t\t\t\t\t\t<span itemprop='url'>https:\/\/tex-tek.com\/wp-content\/uploads\/2021\/02\/bursa.jpg<\/span>\n\t\t\t\t\t\t<span itemprop='height'>639<\/span>\n\t\t\t\t\t\t<span itemprop='width'>1000<\/span>\n\t\t\t\t<\/span>\n\t\t\t\t<span class='av-structured-data'  itemprop=\"publisher\" itemtype=\"https:\/\/schema.org\/Organization\" itemscope=\"itemscope\" >\n\t\t\t\t\t\t<span itemprop='name'>tekay<\/span>\n\t\t\t\t\t\t<span itemprop='logo' itemscope itemtype='https:\/\/schema.org\/ImageObject'>\n\t\t\t\t\t\t\t<span itemprop='url'>https:\/\/tex-tek.com\/wp-content\/uploads\/2021\/08\/textek_logo_tr.png<\/span>\n\t\t\t\t\t\t <\/span>\n\t\t\t\t<\/span><span class='av-structured-data'  itemprop=\"author\" itemscope=\"itemscope\" itemtype=\"https:\/\/schema.org\/Person\" ><span itemprop='name'>tekay<\/span><\/span><span class='av-structured-data'  itemprop=\"datePublished\" datetime=\"2021-03-17T18:47:20+03:00\" >2021-02-22 16:49:54<\/span><span class='av-structured-data'  itemprop=\"dateModified\" itemtype=\"https:\/\/schema.org\/dateModified\" >2025-08-04 13:29:37<\/span><span class='av-structured-data'  itemprop=\"mainEntityOfPage\" itemtype=\"https:\/\/schema.org\/mainEntityOfPage\" ><span itemprop='name'>Bursal\u0131 Sanayicilerle \u0130ftar Organizasyonlar\u0131nda Bulu\u015ftuk<\/span><\/span><\/span><\/article><article class='slide-entry flex_column  post-entry post-entry-3458 slide-entry-overview slide-loop-9 slide-parity-even  post-entry-last  av_one_fifth  real-thumbnail post-format-standard'  itemscope=\"itemscope\" itemtype=\"https:\/\/schema.org\/CreativeWork\" ><a href='https:\/\/tex-tek.com\/?p=3458' data-rel='slide-1' class='slide-image' title='Br\u00fcggemann Kurulu\u015funun 150\u2019nci Y\u0131ld\u00f6n\u00fcm\u00fcn\u00fc Kutlad\u0131'><img decoding=\"async\" width=\"260\" height=\"185\" src=\"https:\/\/tex-tek.com\/wp-content\/uploads\/2021\/02\/Brueggemann-260x185.jpg\" class=\"wp-image-3462 avia-img-lazy-loading-not-3462 attachment-portfolio_small size-portfolio_small wp-post-image\" alt=\"\" \/><\/a><div class='slide-content'><header class=\"entry-content-header\"><h3 class='slide-entry-title entry-title '  itemprop=\"headline\" ><a href='https:\/\/tex-tek.com\/?p=3458' title='Br\u00fcggemann Kurulu\u015funun 150\u2019nci Y\u0131ld\u00f6n\u00fcm\u00fcn\u00fc Kutlad\u0131'>Br\u00fcggemann Kurulu\u015funun 150\u2019nci Y\u0131ld\u00f6n\u00fcm\u00fcn\u00fc Kutlad\u0131<\/a><\/h3><span class=\"av-vertical-delimiter\"><\/span><\/header><\/div><footer class=\"entry-footer\"><\/footer><span class='hidden'>\n\t\t\t\t<span class='av-structured-data'  itemprop=\"image\" itemscope=\"itemscope\" itemtype=\"https:\/\/schema.org\/ImageObject\" >\n\t\t\t\t\t\t<span itemprop='url'>https:\/\/tex-tek.com\/wp-content\/uploads\/2021\/02\/Brueggemann.jpg<\/span>\n\t\t\t\t\t\t<span itemprop='height'>639<\/span>\n\t\t\t\t\t\t<span itemprop='width'>1000<\/span>\n\t\t\t\t<\/span>\n\t\t\t\t<span class='av-structured-data'  itemprop=\"publisher\" itemtype=\"https:\/\/schema.org\/Organization\" itemscope=\"itemscope\" >\n\t\t\t\t\t\t<span itemprop='name'>tekay<\/span>\n\t\t\t\t\t\t<span itemprop='logo' itemscope itemtype='https:\/\/schema.org\/ImageObject'>\n\t\t\t\t\t\t\t<span itemprop='url'>https:\/\/tex-tek.com\/wp-content\/uploads\/2021\/08\/textek_logo_tr.png<\/span>\n\t\t\t\t\t\t <\/span>\n\t\t\t\t<\/span><span class='av-structured-data'  itemprop=\"author\" itemscope=\"itemscope\" itemtype=\"https:\/\/schema.org\/Person\" ><span itemprop='name'>tekay<\/span><\/span><span class='av-structured-data'  itemprop=\"datePublished\" datetime=\"2021-03-17T18:47:20+03:00\" >2021-02-22 15:39:28<\/span><span class='av-structured-data'  itemprop=\"dateModified\" itemtype=\"https:\/\/schema.org\/dateModified\" >2025-08-04 13:29:37<\/span><span class='av-structured-data'  itemprop=\"mainEntityOfPage\" itemtype=\"https:\/\/schema.org\/mainEntityOfPage\" ><span itemprop='name'>Br\u00fcggemann Kurulu\u015funun 150\u2019nci Y\u0131ld\u00f6n\u00fcm\u00fcn\u00fc Kutlad\u0131<\/span><\/span><\/span><\/article><\/div><\/div><\/div><\/div><\/div><\/div><\/main><!-- close content main element --><\/div><\/div><div id='after_section_1'  class='main_color av_default_container_wrap container_wrap sidebar_right' style=' '  ><div class='container' ><div class='template-page content  av-content-small alpha units'><div class='post-entry post-entry-type-page post-entry-3665'><div class='entry-content-wrapper clearfix'>\n","protected":false},"excerpt":{"rendered":"","protected":false},"author":1,"featured_media":0,"parent":0,"menu_order":0,"comment_status":"closed","ping_status":"closed","template":"","meta":{"footnotes":""},"class_list":["post-3665","page","type-page","status-publish","hentry"],"_links":{"self":[{"href":"https:\/\/tex-tek.com\/index.php?rest_route=\/wp\/v2\/pages\/3665","targetHints":{"allow":["GET"]}}],"collection":[{"href":"https:\/\/tex-tek.com\/index.php?rest_route=\/wp\/v2\/pages"}],"about":[{"href":"https:\/\/tex-tek.com\/index.php?rest_route=\/wp\/v2\/types\/page"}],"author":[{"embeddable":true,"href":"https:\/\/tex-tek.com\/index.php?rest_route=\/wp\/v2\/users\/1"}],"replies":[{"embeddable":true,"href":"https:\/\/tex-tek.com\/index.php?rest_route=%2Fwp%2Fv2%2Fcomments&post=3665"}],"version-history":[{"count":14,"href":"https:\/\/tex-tek.com\/index.php?rest_route=\/wp\/v2\/pages\/3665\/revisions"}],"predecessor-version":[{"id":4482,"href":"https:\/\/tex-tek.com\/index.php?rest_route=\/wp\/v2\/pages\/3665\/revisions\/4482"}],"wp:attachment":[{"href":"https:\/\/tex-tek.com\/index.php?rest_route=%2Fwp%2Fv2%2Fmedia&parent=3665"}],"curies":[{"name":"wp","href":"https:\/\/api.w.org\/{rel}","templated":true}]}}